{"id":110,"date":"2024-05-17T11:56:32","date_gmt":"2024-05-17T09:56:32","guid":{"rendered":"https:\/\/www.padigitale.it\/cdan\/?page_id=110"},"modified":"2024-05-21T12:23:45","modified_gmt":"2024-05-21T10:23:45","slug":"sicurezza-e-certificazioni","status":"publish","type":"page","link":"https:\/\/www.padigitale.it\/cdan\/sicurezza-e-certificazioni\/","title":{"rendered":"Sicurezza e Certificazioni"},"content":{"rendered":"<div class=\"wpb-content-wrapper\">[vc_row pix_particles_check=&#8221;&#8221;][vc_column][vc_column_text]Particolare attenzione \u00e8 riservata alla sicurezza dei dati:<strong> l\u2019intero sistema CDAN \u00e8 stato progettato e realizzato per attuare, applicare, controllare, riesaminare e migliorare costantemente il sistema di gestione della sicurezza.<\/strong>\r\n\r\nIl sistema informatico preposto alla conservazione dei documenti \u00e8 realizzato con le tecnologie pi\u00f9 innovative secondo i requisiti tecnici definiti dalle<strong> Linee Guida AgID sulla formazione, gestione e conservazione a norma dei documenti informatici <\/strong>(in vigore da giugno 2021 e che hanno fornito una cornice di regolamentazione unica, in coerenza con il CAD e le discipline dei Beni Culturali, andando ad aggiornare le regole tecniche precedenti \u2013 DPCM del 2013 e 2014).\r\n\r\nLa messa in sicurezza dei documenti conservati per tutto il periodo di tempo previsto dalla legge, \u00e8 garantita grazie anche all\u2019Internet Data Center in cui risiede il sistema CDAN progettato e realizzato adottando le pi\u00f9 moderne tecnologie.\r\n\r\n<strong>Le architetture hardware e software preposte all\u2019erogazione del servizio CDAN sono poste in condizioni di massima sicurezza applicativa e fisica<\/strong> (sistemi anticendio con rilevazione fumi e spegnimento incendi, sistemi antiallagamento, condizionamento, telecamere a circuito chiuso, controllo accessi ecc.), <strong>informatica e logica <\/strong>(sistemi antintrusione, impianto di distribuzione elettrica ridondato, gruppi di continuit\u00e0 statici\u2026). L\u2019IDC dispone inoltre di una <strong>connessione Internet attraverso linee multiple ridondate ad elevata capacit\u00e0<\/strong>, in grado di assicurare la massima disponibilit\u00e0 ed affidabilit\u00e0. Caratteristiche che consentono di <strong>garantire i pi\u00f9 elevati livelli di servizio, 24 ore su 24, 7 giorni su 7, 365 giorni all\u2019anno<\/strong>.[\/vc_column_text][\/vc_column][\/vc_row][vc_row pix_particles_check=&#8221;&#8221;][vc_column]<div class=\"pix-content-box card      vc_custom_1715940033730    rounded-lg bg- w-100  \"   ><div class=\"\" style=\"z-index:30;position:relative;\"><a  href=\"https:\/\/www.padigitale.it\/certificazioni\/\" class=\"btn mb-2     btn-primary d-inline-block      btn-normal\" target=\"_blank\" rel=\"noopener\"    ><span class=\"font-weight-bold \" >Guarda le certificazioni<\/span><\/a><\/div><\/div>[\/vc_column][\/vc_row]<\/div>","protected":false},"excerpt":{"rendered":"[vc_row pix_particles_check=&#8221;&#8221;][vc_column][vc_column_text]Particolare attenzione \u00e8 riservata alla sicurezza dei dati: l\u2019intero sistema CDAN \u00e8 stato progettato e realizzato per attuare, applicare, controllare, riesaminare e migliorare costantemente il sistema di gestione della sicurezza. Il sistema informatico preposto alla conservazione dei documenti \u00e8&#8230;","protected":false},"author":4,"featured_media":0,"parent":0,"menu_order":0,"comment_status":"closed","ping_status":"closed","template":"","meta":{"footnotes":""},"class_list":["post-110","page","type-page","status-publish","hentry"],"yoast_head":"<!-- This site is optimized with the Yoast SEO plugin v27.4 - https:\/\/yoast.com\/product\/yoast-seo-wordpress\/ -->\n<title>Sicurezza e Certificazioni - Conservazione Digitale A Norma CDAN<\/title>\n<meta name=\"robots\" content=\"index, follow, max-snippet:-1, max-image-preview:large, max-video-preview:-1\" \/>\n<link rel=\"canonical\" href=\"https:\/\/www.padigitale.it\/cdan\/sicurezza-e-certificazioni\/\" \/>\n<meta property=\"og:locale\" content=\"it_IT\" \/>\n<meta property=\"og:type\" content=\"article\" \/>\n<meta property=\"og:title\" content=\"Sicurezza e Certificazioni - Conservazione Digitale A Norma CDAN\" \/>\n<meta property=\"og:description\" content=\"[vc_row pix_particles_check=&#8221;&#8221;][vc_column][vc_column_text]Particolare attenzione \u00e8 riservata alla sicurezza dei dati: l\u2019intero sistema CDAN \u00e8 stato progettato e realizzato per attuare, applicare, controllare, riesaminare e migliorare costantemente il sistema di gestione della sicurezza. Il sistema informatico preposto alla conservazione dei documenti \u00e8...\" \/>\n<meta property=\"og:url\" content=\"https:\/\/www.padigitale.it\/cdan\/sicurezza-e-certificazioni\/\" \/>\n<meta property=\"og:site_name\" content=\"Conservazione Digitale A Norma CDAN\" \/>\n<meta property=\"article:modified_time\" content=\"2024-05-21T10:23:45+00:00\" \/>\n<meta name=\"twitter:card\" content=\"summary_large_image\" \/>\n<meta name=\"twitter:label1\" content=\"Tempo di lettura stimato\" \/>\n\t<meta name=\"twitter:data1\" content=\"2 minuti\" \/>\n<script type=\"application\/ld+json\" class=\"yoast-schema-graph\">{\"@context\":\"https:\\\/\\\/schema.org\",\"@graph\":[{\"@type\":\"WebPage\",\"@id\":\"https:\\\/\\\/www.padigitale.it\\\/cdan\\\/sicurezza-e-certificazioni\\\/\",\"url\":\"https:\\\/\\\/www.padigitale.it\\\/cdan\\\/sicurezza-e-certificazioni\\\/\",\"name\":\"Sicurezza e Certificazioni - Conservazione Digitale A Norma CDAN\",\"isPartOf\":{\"@id\":\"https:\\\/\\\/www.padigitale.it\\\/cdan\\\/#website\"},\"datePublished\":\"2024-05-17T09:56:32+00:00\",\"dateModified\":\"2024-05-21T10:23:45+00:00\",\"breadcrumb\":{\"@id\":\"https:\\\/\\\/www.padigitale.it\\\/cdan\\\/sicurezza-e-certificazioni\\\/#breadcrumb\"},\"inLanguage\":\"it-IT\",\"potentialAction\":[{\"@type\":\"ReadAction\",\"target\":[\"https:\\\/\\\/www.padigitale.it\\\/cdan\\\/sicurezza-e-certificazioni\\\/\"]}]},{\"@type\":\"BreadcrumbList\",\"@id\":\"https:\\\/\\\/www.padigitale.it\\\/cdan\\\/sicurezza-e-certificazioni\\\/#breadcrumb\",\"itemListElement\":[{\"@type\":\"ListItem\",\"position\":1,\"name\":\"Home\",\"item\":\"https:\\\/\\\/www.padigitale.it\\\/cdan\\\/\"},{\"@type\":\"ListItem\",\"position\":2,\"name\":\"Sicurezza e Certificazioni\"}]},{\"@type\":\"WebSite\",\"@id\":\"https:\\\/\\\/www.padigitale.it\\\/cdan\\\/#website\",\"url\":\"https:\\\/\\\/www.padigitale.it\\\/cdan\\\/\",\"name\":\"Conservazione Digitale A Norma CDAN\",\"description\":\"\",\"potentialAction\":[{\"@type\":\"SearchAction\",\"target\":{\"@type\":\"EntryPoint\",\"urlTemplate\":\"https:\\\/\\\/www.padigitale.it\\\/cdan\\\/?s={search_term_string}\"},\"query-input\":{\"@type\":\"PropertyValueSpecification\",\"valueRequired\":true,\"valueName\":\"search_term_string\"}}],\"inLanguage\":\"it-IT\"}]}<\/script>\n<!-- \/ Yoast SEO plugin. -->","yoast_head_json":{"title":"Sicurezza e Certificazioni - Conservazione Digitale A Norma CDAN","robots":{"index":"index","follow":"follow","max-snippet":"max-snippet:-1","max-image-preview":"max-image-preview:large","max-video-preview":"max-video-preview:-1"},"canonical":"https:\/\/www.padigitale.it\/cdan\/sicurezza-e-certificazioni\/","og_locale":"it_IT","og_type":"article","og_title":"Sicurezza e Certificazioni - Conservazione Digitale A Norma CDAN","og_description":"[vc_row pix_particles_check=&#8221;&#8221;][vc_column][vc_column_text]Particolare attenzione \u00e8 riservata alla sicurezza dei dati: l\u2019intero sistema CDAN \u00e8 stato progettato e realizzato per attuare, applicare, controllare, riesaminare e migliorare costantemente il sistema di gestione della sicurezza. Il sistema informatico preposto alla conservazione dei documenti \u00e8...","og_url":"https:\/\/www.padigitale.it\/cdan\/sicurezza-e-certificazioni\/","og_site_name":"Conservazione Digitale A Norma CDAN","article_modified_time":"2024-05-21T10:23:45+00:00","twitter_card":"summary_large_image","twitter_misc":{"Tempo di lettura stimato":"2 minuti"},"schema":{"@context":"https:\/\/schema.org","@graph":[{"@type":"WebPage","@id":"https:\/\/www.padigitale.it\/cdan\/sicurezza-e-certificazioni\/","url":"https:\/\/www.padigitale.it\/cdan\/sicurezza-e-certificazioni\/","name":"Sicurezza e Certificazioni - Conservazione Digitale A Norma CDAN","isPartOf":{"@id":"https:\/\/www.padigitale.it\/cdan\/#website"},"datePublished":"2024-05-17T09:56:32+00:00","dateModified":"2024-05-21T10:23:45+00:00","breadcrumb":{"@id":"https:\/\/www.padigitale.it\/cdan\/sicurezza-e-certificazioni\/#breadcrumb"},"inLanguage":"it-IT","potentialAction":[{"@type":"ReadAction","target":["https:\/\/www.padigitale.it\/cdan\/sicurezza-e-certificazioni\/"]}]},{"@type":"BreadcrumbList","@id":"https:\/\/www.padigitale.it\/cdan\/sicurezza-e-certificazioni\/#breadcrumb","itemListElement":[{"@type":"ListItem","position":1,"name":"Home","item":"https:\/\/www.padigitale.it\/cdan\/"},{"@type":"ListItem","position":2,"name":"Sicurezza e Certificazioni"}]},{"@type":"WebSite","@id":"https:\/\/www.padigitale.it\/cdan\/#website","url":"https:\/\/www.padigitale.it\/cdan\/","name":"Conservazione Digitale A Norma CDAN","description":"","potentialAction":[{"@type":"SearchAction","target":{"@type":"EntryPoint","urlTemplate":"https:\/\/www.padigitale.it\/cdan\/?s={search_term_string}"},"query-input":{"@type":"PropertyValueSpecification","valueRequired":true,"valueName":"search_term_string"}}],"inLanguage":"it-IT"}]}},"_links":{"self":[{"href":"https:\/\/www.padigitale.it\/cdan\/wp-json\/wp\/v2\/pages\/110","targetHints":{"allow":["GET"]}}],"collection":[{"href":"https:\/\/www.padigitale.it\/cdan\/wp-json\/wp\/v2\/pages"}],"about":[{"href":"https:\/\/www.padigitale.it\/cdan\/wp-json\/wp\/v2\/types\/page"}],"author":[{"embeddable":true,"href":"https:\/\/www.padigitale.it\/cdan\/wp-json\/wp\/v2\/users\/4"}],"replies":[{"embeddable":true,"href":"https:\/\/www.padigitale.it\/cdan\/wp-json\/wp\/v2\/comments?post=110"}],"version-history":[{"count":8,"href":"https:\/\/www.padigitale.it\/cdan\/wp-json\/wp\/v2\/pages\/110\/revisions"}],"predecessor-version":[{"id":117,"href":"https:\/\/www.padigitale.it\/cdan\/wp-json\/wp\/v2\/pages\/110\/revisions\/117"}],"wp:attachment":[{"href":"https:\/\/www.padigitale.it\/cdan\/wp-json\/wp\/v2\/media?parent=110"}],"curies":[{"name":"wp","href":"https:\/\/api.w.org\/{rel}","templated":true}]}}