{"id":85,"date":"2024-05-17T10:35:56","date_gmt":"2024-05-17T08:35:56","guid":{"rendered":"https:\/\/www.padigitale.it\/cdan\/?page_id=85"},"modified":"2024-05-21T16:39:21","modified_gmt":"2024-05-21T14:39:21","slug":"servizio-cdan","status":"publish","type":"page","link":"https:\/\/www.padigitale.it\/cdan\/servizio-cdan\/","title":{"rendered":"Servizio CDAN"},"content":{"rendered":"<div class=\"wpb-content-wrapper\">[vc_row pix_particles_check=&#8221;&#8221;][vc_column][vc_column_text]ll sistema Conservazione Digitale a Norma CDAN di PA Digitale S.p.A. preposto alla conservazione dei documenti informatici dei Clienti, \u00e8 stato <strong>realizzato con le tecnologie pi\u00f9 innovative ed in conformit\u00e0 <\/strong><strong>alle Linee Guida AgID sulla formazione, gestione e conservazione a norma dei documenti informatici <\/strong>(in vigore da giugno 2021 e che hanno fornito una cornice di regolamentazione unica, in coerenza con il CAD e le discipline dei Beni Culturali, andando ad aggiornare le regole tecniche precedenti \u2013 DPCM del 2013 e 2014), la cui rispondenza \u00e8 requisito indispensabile ed essenziale per la corretta conservazione a norma dei documenti informatici.\r\n\r\nIl servizio CDAN assicura, sin dalla presa in carico, la conservazione digitale dei documenti informatici secondo le vigenti disposizioni di legge, <strong>garantendone le caratteristiche di autenticit\u00e0, integrit\u00e0, affidabilit\u00e0, leggibilit\u00e0 e reperibilit\u00e0, mantenendo cos\u00ec inalterato, nel tempo, il valore legale dei documenti conservati. <\/strong>Il tutto, con la <strong>massima semplicit\u00e0 di gestione per gli utenti<\/strong>, grazie a percorsi automatici, agevolati da funzionalit\u00e0 immediate e da una grafica piacevole ed intuitiva, nella totale sicurezza durante le fasi di trasmissione (via web) dei documenti al sistema CDAN.[\/vc_column_text][\/vc_column][\/vc_row][vc_row pix_particles_check=&#8221;&#8221;][vc_column][vc_column_text]\r\n\r\n[\/vc_column_text][\/vc_column][\/vc_row]<!-- \/wp:post-content --><\/div>","protected":false},"excerpt":{"rendered":"[vc_row pix_particles_check=&#8221;&#8221;][vc_column][vc_column_text]ll sistema Conservazione Digitale a Norma CDAN di PA Digitale S.p.A. preposto alla conservazione dei documenti informatici dei Clienti, \u00e8 stato realizzato con le tecnologie pi\u00f9 innovative ed in conformit\u00e0 alle Linee Guida AgID sulla formazione, gestione e conservazione&#8230;","protected":false},"author":4,"featured_media":0,"parent":0,"menu_order":0,"comment_status":"closed","ping_status":"closed","template":"","meta":{"footnotes":""},"class_list":["post-85","page","type-page","status-publish","hentry"],"yoast_head":"<!-- This site is optimized with the Yoast SEO plugin v27.4 - https:\/\/yoast.com\/product\/yoast-seo-wordpress\/ -->\n<title>Servizio CDAN - Conservazione Digitale A Norma CDAN<\/title>\n<meta name=\"robots\" content=\"index, follow, max-snippet:-1, max-image-preview:large, max-video-preview:-1\" \/>\n<link rel=\"canonical\" href=\"https:\/\/www.padigitale.it\/cdan\/servizio-cdan\/\" \/>\n<meta property=\"og:locale\" content=\"it_IT\" \/>\n<meta property=\"og:type\" content=\"article\" \/>\n<meta property=\"og:title\" content=\"Servizio CDAN - Conservazione Digitale A Norma CDAN\" \/>\n<meta property=\"og:description\" content=\"[vc_row pix_particles_check=&#8221;&#8221;][vc_column][vc_column_text]ll sistema Conservazione Digitale a Norma CDAN di PA Digitale S.p.A. preposto alla conservazione dei documenti informatici dei Clienti, \u00e8 stato realizzato con le tecnologie pi\u00f9 innovative ed in conformit\u00e0 alle Linee Guida AgID sulla formazione, gestione e conservazione...\" \/>\n<meta property=\"og:url\" content=\"https:\/\/www.padigitale.it\/cdan\/servizio-cdan\/\" \/>\n<meta property=\"og:site_name\" content=\"Conservazione Digitale A Norma CDAN\" \/>\n<meta property=\"article:modified_time\" content=\"2024-05-21T14:39:21+00:00\" \/>\n<meta name=\"twitter:card\" content=\"summary_large_image\" \/>\n<meta name=\"twitter:label1\" content=\"Tempo di lettura stimato\" \/>\n\t<meta name=\"twitter:data1\" content=\"1 minuto\" \/>\n<script type=\"application\/ld+json\" class=\"yoast-schema-graph\">{\"@context\":\"https:\\\/\\\/schema.org\",\"@graph\":[{\"@type\":\"WebPage\",\"@id\":\"https:\\\/\\\/www.padigitale.it\\\/cdan\\\/servizio-cdan\\\/\",\"url\":\"https:\\\/\\\/www.padigitale.it\\\/cdan\\\/servizio-cdan\\\/\",\"name\":\"Servizio CDAN - Conservazione Digitale A Norma CDAN\",\"isPartOf\":{\"@id\":\"https:\\\/\\\/www.padigitale.it\\\/cdan\\\/#website\"},\"datePublished\":\"2024-05-17T08:35:56+00:00\",\"dateModified\":\"2024-05-21T14:39:21+00:00\",\"breadcrumb\":{\"@id\":\"https:\\\/\\\/www.padigitale.it\\\/cdan\\\/servizio-cdan\\\/#breadcrumb\"},\"inLanguage\":\"it-IT\",\"potentialAction\":[{\"@type\":\"ReadAction\",\"target\":[\"https:\\\/\\\/www.padigitale.it\\\/cdan\\\/servizio-cdan\\\/\"]}]},{\"@type\":\"BreadcrumbList\",\"@id\":\"https:\\\/\\\/www.padigitale.it\\\/cdan\\\/servizio-cdan\\\/#breadcrumb\",\"itemListElement\":[{\"@type\":\"ListItem\",\"position\":1,\"name\":\"Home\",\"item\":\"https:\\\/\\\/www.padigitale.it\\\/cdan\\\/\"},{\"@type\":\"ListItem\",\"position\":2,\"name\":\"Servizio CDAN\"}]},{\"@type\":\"WebSite\",\"@id\":\"https:\\\/\\\/www.padigitale.it\\\/cdan\\\/#website\",\"url\":\"https:\\\/\\\/www.padigitale.it\\\/cdan\\\/\",\"name\":\"Conservazione Digitale A Norma CDAN\",\"description\":\"\",\"potentialAction\":[{\"@type\":\"SearchAction\",\"target\":{\"@type\":\"EntryPoint\",\"urlTemplate\":\"https:\\\/\\\/www.padigitale.it\\\/cdan\\\/?s={search_term_string}\"},\"query-input\":{\"@type\":\"PropertyValueSpecification\",\"valueRequired\":true,\"valueName\":\"search_term_string\"}}],\"inLanguage\":\"it-IT\"}]}<\/script>\n<!-- \/ Yoast SEO plugin. -->","yoast_head_json":{"title":"Servizio CDAN - Conservazione Digitale A Norma CDAN","robots":{"index":"index","follow":"follow","max-snippet":"max-snippet:-1","max-image-preview":"max-image-preview:large","max-video-preview":"max-video-preview:-1"},"canonical":"https:\/\/www.padigitale.it\/cdan\/servizio-cdan\/","og_locale":"it_IT","og_type":"article","og_title":"Servizio CDAN - Conservazione Digitale A Norma CDAN","og_description":"[vc_row pix_particles_check=&#8221;&#8221;][vc_column][vc_column_text]ll sistema Conservazione Digitale a Norma CDAN di PA Digitale S.p.A. preposto alla conservazione dei documenti informatici dei Clienti, \u00e8 stato realizzato con le tecnologie pi\u00f9 innovative ed in conformit\u00e0 alle Linee Guida AgID sulla formazione, gestione e conservazione...","og_url":"https:\/\/www.padigitale.it\/cdan\/servizio-cdan\/","og_site_name":"Conservazione Digitale A Norma CDAN","article_modified_time":"2024-05-21T14:39:21+00:00","twitter_card":"summary_large_image","twitter_misc":{"Tempo di lettura stimato":"1 minuto"},"schema":{"@context":"https:\/\/schema.org","@graph":[{"@type":"WebPage","@id":"https:\/\/www.padigitale.it\/cdan\/servizio-cdan\/","url":"https:\/\/www.padigitale.it\/cdan\/servizio-cdan\/","name":"Servizio CDAN - Conservazione Digitale A Norma CDAN","isPartOf":{"@id":"https:\/\/www.padigitale.it\/cdan\/#website"},"datePublished":"2024-05-17T08:35:56+00:00","dateModified":"2024-05-21T14:39:21+00:00","breadcrumb":{"@id":"https:\/\/www.padigitale.it\/cdan\/servizio-cdan\/#breadcrumb"},"inLanguage":"it-IT","potentialAction":[{"@type":"ReadAction","target":["https:\/\/www.padigitale.it\/cdan\/servizio-cdan\/"]}]},{"@type":"BreadcrumbList","@id":"https:\/\/www.padigitale.it\/cdan\/servizio-cdan\/#breadcrumb","itemListElement":[{"@type":"ListItem","position":1,"name":"Home","item":"https:\/\/www.padigitale.it\/cdan\/"},{"@type":"ListItem","position":2,"name":"Servizio CDAN"}]},{"@type":"WebSite","@id":"https:\/\/www.padigitale.it\/cdan\/#website","url":"https:\/\/www.padigitale.it\/cdan\/","name":"Conservazione Digitale A Norma CDAN","description":"","potentialAction":[{"@type":"SearchAction","target":{"@type":"EntryPoint","urlTemplate":"https:\/\/www.padigitale.it\/cdan\/?s={search_term_string}"},"query-input":{"@type":"PropertyValueSpecification","valueRequired":true,"valueName":"search_term_string"}}],"inLanguage":"it-IT"}]}},"_links":{"self":[{"href":"https:\/\/www.padigitale.it\/cdan\/wp-json\/wp\/v2\/pages\/85","targetHints":{"allow":["GET"]}}],"collection":[{"href":"https:\/\/www.padigitale.it\/cdan\/wp-json\/wp\/v2\/pages"}],"about":[{"href":"https:\/\/www.padigitale.it\/cdan\/wp-json\/wp\/v2\/types\/page"}],"author":[{"embeddable":true,"href":"https:\/\/www.padigitale.it\/cdan\/wp-json\/wp\/v2\/users\/4"}],"replies":[{"embeddable":true,"href":"https:\/\/www.padigitale.it\/cdan\/wp-json\/wp\/v2\/comments?post=85"}],"version-history":[{"count":12,"href":"https:\/\/www.padigitale.it\/cdan\/wp-json\/wp\/v2\/pages\/85\/revisions"}],"predecessor-version":[{"id":158,"href":"https:\/\/www.padigitale.it\/cdan\/wp-json\/wp\/v2\/pages\/85\/revisions\/158"}],"wp:attachment":[{"href":"https:\/\/www.padigitale.it\/cdan\/wp-json\/wp\/v2\/media?parent=85"}],"curies":[{"name":"wp","href":"https:\/\/api.w.org\/{rel}","templated":true}]}}