{"id":1000,"date":"2024-05-10T14:53:05","date_gmt":"2024-05-10T12:53:05","guid":{"rendered":"https:\/\/www.padigitale.it\/urbismart\/?page_id=1000"},"modified":"2024-05-10T14:53:05","modified_gmt":"2024-05-10T12:53:05","slug":"servizi-gestiti-personale","status":"publish","type":"page","link":"https:\/\/www.padigitale.it\/urbismart\/servizi-gestiti-personale\/","title":{"rendered":"Servizi Gestiti &#8211; Personale"},"content":{"rendered":"<div class=\"wpb-content-wrapper\">[vc_row pix_particles_check=&#8221;&#8221;][vc_column css=&#8221;.vc_custom_1715344745125{margin-bottom: -100px !important;border-bottom-width: 50px !important;}&#8221;][vc_column_text css=&#8221;.vc_custom_1715344815437{margin-bottom: 100px !important;border-bottom-width: -px !important;}&#8221;]\r\n\r\nOltre all\u2019ampia offerta di soluzioni e servizi in cloud del sistema URBI Smart che soddisfa tutte le esigenze gestionali degli enti, per quelle realt\u00e0 che necessitano di un supporto ulteriore nella gestione di attivit\u00e0 strategiche complesse e di adempimenti amministrativi che richiedono un alto livello di competenza, PA Digitale pu\u00f2 offrire anche un servizio di consulenza dei propri specialisti nelle diverse aree (gestione del personale, contabilit\u00e0, tecnico-territoriale ecc.) attraverso una proposta di service che, nel garantire un\u2019organizzazione puntuale e professionale delle varie attivit\u00e0 necessarie, sollevano l\u2019ente da compiti che possono risultare a volte gravosi.\r\nPA Digitale ha sviluppato in particolare specifiche competenze nella complessa e articolata materia degli adempimenti della Gestione del Personale cos\u00ec da poter proporre un servizio di supporto normativo e metodologico che si estrinseca nell\u2019analisi dei dati in possesso dell\u2019Ente con la successiva predisposizione e trasmissione della documentazione necessaria agli organismi preposti, a seguito della condivisione con il Responsabile dell\u2019area.\r\nLe attivit\u00e0 svolte dai consulenti PA Digitale, partendo da un\u2019analisi e verifica della situazione dell\u2019ente nonch\u00e9 dalla raccolta di tutta la documentazione e dei dati necessari all\u2019assolvimento dell\u2019adempimento previsto, prevedono la pianificazione, esecuzione, controllo e chiusura del progetto specifico per l\u2019ente, con il coordinamento delle attivit\u00e0 del gruppo di lavoro dedicato, intervenendo in caso di richieste specifiche e\/o criticit\u00e0 nelle diverse fasi di lavorazione.\r\n\r\n[\/vc_column_text][\/vc_column][\/vc_row][vc_row pix_particles_check=&#8221;&#8221;][vc_column]<div class=\"pix-content-box card      vc_custom_1715345147758    rounded-lg bg- w-100  \"   ><div class=\"\" style=\"z-index:30;position:relative;\"><div class=\"card \">\n           <div class=\"card-header bg-white pix-mb-10 shadow-sm rounded-lg\" id=\"heading1708702160064-e9ff405d-53f4\">\n               <button class=\"btn btn-link text-left rounded-lg bg-white\" type=\"button\" data-toggle=\"collapse\" data-target=\"#collapse1708702160064-e9ff405d-53f4\" aria-expanded=\"true\" aria-controls=\"collapse1708702160064-e9ff405d-53f4\" ><span class=\"d-inline-block text-primary svg-20 pix-mr-10\"><svg width=\"100%\" height=\"100%\" viewBox=\"0 0 24 24\" version=\"1.1\" xmlns=\"http:\/\/www.w3.org\/2000\/svg\" xmlns:xlink=\"http:\/\/www.w3.org\/1999\/xlink\"> <defs><\/defs> <g stroke=\"none\" stroke-width=\"1\" fill=\"none\" fill-rule=\"evenodd\"> <path d=\"M13.6855025,18.7082217 C15.9113859,17.8189707 18.682885,17.2495635 22,17 C22,16.9325178 22,13.1012863 22,5.50630526 L21.9999762,5.50630526 C21.9999762,5.23017604 21.7761292,5.00632908 21.5,5.00632908 C21.4957817,5.00632908 21.4915635,5.00638247 21.4873465,5.00648922 C18.658231,5.07811173 15.8291155,5.74261533 13,7 C13,7.04449645 13,10.79246 13,18.2438906 L12.9999854,18.2438906 C12.9999854,18.520041 13.2238496,18.7439052 13.5,18.7439052 C13.5635398,18.7439052 13.6264972,18.7317946 13.6855025,18.7082217 Z\" fill=\"#000000\"><\/path> <path d=\"M10.3144829,18.7082217 C8.08859955,17.8189707 5.31710038,17.2495635 1.99998542,17 C1.99998542,16.9325178 1.99998542,13.1012863 1.99998542,5.50630526 L2.00000925,5.50630526 C2.00000925,5.23017604 2.22385621,5.00632908 2.49998542,5.00632908 C2.50420375,5.00632908 2.5084219,5.00638247 2.51263888,5.00648922 C5.34175439,5.07811173 8.17086991,5.74261533 10.9999854,7 C10.9999854,7.04449645 10.9999854,10.79246 10.9999854,18.2438906 L11,18.2438906 C11,18.520041 10.7761358,18.7439052 10.4999854,18.7439052 C10.4364457,18.7439052 10.3734882,18.7317946 10.3144829,18.7082217 Z\" fill=\"#000000\" opacity=\"0.3\"><\/path> <\/g> <\/svg><\/span><span class=\"font-weight-bold text-heading-default\" >APPROFONDISCI E RICHIEDI INFORMAZIONI CIRCA I SERVICE PROPOSTI<\/span><\/button>\n           <\/div>\n           <div id=\"collapse1708702160064-e9ff405d-53f4\" class=\"collapse   vc_custom_1715331857198\" aria-labelledby=\"heading1708702160064-e9ff405d-53f4\">\n             <div class=\"card-body\">\n                 [vc_column_text css=&#8221;.vc_custom_1715345246234{margin-top: -20px !important;padding-top: 30px !important;padding-right: 30px !important;padding-bottom: 30px !important;padding-left: 30px !important;}&#8221;]\r\n<ul>\r\n \t<li>Calcolo capacit\u00e0 assunzionali<\/li>\r\n \t<li>Fondo risorse decentrate<\/li>\r\n \t<li>Predisposizione dati ai fini dell&#8217;elaborazione dei dati stipendiali<\/li>\r\n<\/ul>\r\n[\/vc_column_text]<a  href=\"https:\/\/www.padigitale.it\/richiedi-informazioni\/\" class=\"btn mb-2    vc_custom_1715330959224  btn-primary d-inline-block      btn-md\" target=\"_blank\" rel=\"noopener\"    ><span class=\"font-weight-bold \" >Compila la richiesta<\/span><\/a>\n             <\/div>\n           <\/div>\n         <\/div><\/div><\/div>[\/vc_column][\/vc_row][vc_row pix_particles_check=&#8221;&#8221;][vc_column][vc_column_text]\r\n\r\n[\/vc_column_text][\/vc_column][\/vc_row]<!-- \/wp:post-content --><\/div>","protected":false},"excerpt":{"rendered":"[vc_row pix_particles_check=&#8221;&#8221;][vc_column css=&#8221;.vc_custom_1715344745125{margin-bottom: -100px !important;border-bottom-width: 50px !important;}&#8221;][vc_column_text css=&#8221;.vc_custom_1715344815437{margin-bottom: 100px !important;border-bottom-width: -px !important;}&#8221;] Oltre all\u2019ampia offerta di soluzioni e servizi in cloud del sistema URBI Smart che soddisfa tutte le esigenze gestionali degli enti, per quelle realt\u00e0 che necessitano di un&#8230;","protected":false},"author":4,"featured_media":0,"parent":0,"menu_order":0,"comment_status":"closed","ping_status":"closed","template":"","meta":{"footnotes":""},"class_list":["post-1000","page","type-page","status-publish","hentry"],"yoast_head":"<!-- This site is optimized with the Yoast SEO plugin v27.4 - https:\/\/yoast.com\/product\/yoast-seo-wordpress\/ -->\n<title>Servizi Gestiti - Personale - URBISmart<\/title>\n<meta name=\"robots\" content=\"index, follow, max-snippet:-1, max-image-preview:large, max-video-preview:-1\" \/>\n<link rel=\"canonical\" href=\"https:\/\/www.padigitale.it\/urbismart\/servizi-gestiti-personale\/\" \/>\n<meta property=\"og:locale\" content=\"it_IT\" \/>\n<meta property=\"og:type\" content=\"article\" \/>\n<meta property=\"og:title\" content=\"Servizi Gestiti - Personale - URBISmart\" \/>\n<meta property=\"og:description\" content=\"[vc_row pix_particles_check=&#8221;&#8221;][vc_column css=&#8221;.vc_custom_1715344745125{margin-bottom: -100px !important;border-bottom-width: 50px !important;}&#8221;][vc_column_text css=&#8221;.vc_custom_1715344815437{margin-bottom: 100px !important;border-bottom-width: -px !important;}&#8221;] Oltre all\u2019ampia offerta di soluzioni e servizi in cloud del sistema URBI Smart che soddisfa tutte le esigenze gestionali degli enti, per quelle realt\u00e0 che necessitano di un...\" \/>\n<meta property=\"og:url\" content=\"https:\/\/www.padigitale.it\/urbismart\/servizi-gestiti-personale\/\" \/>\n<meta property=\"og:site_name\" content=\"URBISmart\" \/>\n<meta name=\"twitter:card\" content=\"summary_large_image\" \/>\n<meta name=\"twitter:label1\" content=\"Tempo di lettura stimato\" \/>\n\t<meta name=\"twitter:data1\" content=\"2 minuti\" \/>\n<script type=\"application\/ld+json\" class=\"yoast-schema-graph\">{\"@context\":\"https:\\\/\\\/schema.org\",\"@graph\":[{\"@type\":\"WebPage\",\"@id\":\"https:\\\/\\\/www.padigitale.it\\\/urbismart\\\/servizi-gestiti-personale\\\/\",\"url\":\"https:\\\/\\\/www.padigitale.it\\\/urbismart\\\/servizi-gestiti-personale\\\/\",\"name\":\"Servizi Gestiti - Personale - URBISmart\",\"isPartOf\":{\"@id\":\"https:\\\/\\\/www.padigitale.it\\\/urbismart\\\/#website\"},\"datePublished\":\"2024-05-10T12:53:05+00:00\",\"breadcrumb\":{\"@id\":\"https:\\\/\\\/www.padigitale.it\\\/urbismart\\\/servizi-gestiti-personale\\\/#breadcrumb\"},\"inLanguage\":\"it-IT\",\"potentialAction\":[{\"@type\":\"ReadAction\",\"target\":[\"https:\\\/\\\/www.padigitale.it\\\/urbismart\\\/servizi-gestiti-personale\\\/\"]}]},{\"@type\":\"BreadcrumbList\",\"@id\":\"https:\\\/\\\/www.padigitale.it\\\/urbismart\\\/servizi-gestiti-personale\\\/#breadcrumb\",\"itemListElement\":[{\"@type\":\"ListItem\",\"position\":1,\"name\":\"Home\",\"item\":\"https:\\\/\\\/www.padigitale.it\\\/urbismart\\\/\"},{\"@type\":\"ListItem\",\"position\":2,\"name\":\"Servizi Gestiti &#8211; Personale\"}]},{\"@type\":\"WebSite\",\"@id\":\"https:\\\/\\\/www.padigitale.it\\\/urbismart\\\/#website\",\"url\":\"https:\\\/\\\/www.padigitale.it\\\/urbismart\\\/\",\"name\":\"URBISmart\",\"description\":\"\",\"potentialAction\":[{\"@type\":\"SearchAction\",\"target\":{\"@type\":\"EntryPoint\",\"urlTemplate\":\"https:\\\/\\\/www.padigitale.it\\\/urbismart\\\/?s={search_term_string}\"},\"query-input\":{\"@type\":\"PropertyValueSpecification\",\"valueRequired\":true,\"valueName\":\"search_term_string\"}}],\"inLanguage\":\"it-IT\"}]}<\/script>\n<!-- \/ Yoast SEO plugin. -->","yoast_head_json":{"title":"Servizi Gestiti - Personale - URBISmart","robots":{"index":"index","follow":"follow","max-snippet":"max-snippet:-1","max-image-preview":"max-image-preview:large","max-video-preview":"max-video-preview:-1"},"canonical":"https:\/\/www.padigitale.it\/urbismart\/servizi-gestiti-personale\/","og_locale":"it_IT","og_type":"article","og_title":"Servizi Gestiti - Personale - URBISmart","og_description":"[vc_row pix_particles_check=&#8221;&#8221;][vc_column css=&#8221;.vc_custom_1715344745125{margin-bottom: -100px !important;border-bottom-width: 50px !important;}&#8221;][vc_column_text css=&#8221;.vc_custom_1715344815437{margin-bottom: 100px !important;border-bottom-width: -px !important;}&#8221;] Oltre all\u2019ampia offerta di soluzioni e servizi in cloud del sistema URBI Smart che soddisfa tutte le esigenze gestionali degli enti, per quelle realt\u00e0 che necessitano di un...","og_url":"https:\/\/www.padigitale.it\/urbismart\/servizi-gestiti-personale\/","og_site_name":"URBISmart","twitter_card":"summary_large_image","twitter_misc":{"Tempo di lettura stimato":"2 minuti"},"schema":{"@context":"https:\/\/schema.org","@graph":[{"@type":"WebPage","@id":"https:\/\/www.padigitale.it\/urbismart\/servizi-gestiti-personale\/","url":"https:\/\/www.padigitale.it\/urbismart\/servizi-gestiti-personale\/","name":"Servizi Gestiti - Personale - URBISmart","isPartOf":{"@id":"https:\/\/www.padigitale.it\/urbismart\/#website"},"datePublished":"2024-05-10T12:53:05+00:00","breadcrumb":{"@id":"https:\/\/www.padigitale.it\/urbismart\/servizi-gestiti-personale\/#breadcrumb"},"inLanguage":"it-IT","potentialAction":[{"@type":"ReadAction","target":["https:\/\/www.padigitale.it\/urbismart\/servizi-gestiti-personale\/"]}]},{"@type":"BreadcrumbList","@id":"https:\/\/www.padigitale.it\/urbismart\/servizi-gestiti-personale\/#breadcrumb","itemListElement":[{"@type":"ListItem","position":1,"name":"Home","item":"https:\/\/www.padigitale.it\/urbismart\/"},{"@type":"ListItem","position":2,"name":"Servizi Gestiti &#8211; Personale"}]},{"@type":"WebSite","@id":"https:\/\/www.padigitale.it\/urbismart\/#website","url":"https:\/\/www.padigitale.it\/urbismart\/","name":"URBISmart","description":"","potentialAction":[{"@type":"SearchAction","target":{"@type":"EntryPoint","urlTemplate":"https:\/\/www.padigitale.it\/urbismart\/?s={search_term_string}"},"query-input":{"@type":"PropertyValueSpecification","valueRequired":true,"valueName":"search_term_string"}}],"inLanguage":"it-IT"}]}},"_links":{"self":[{"href":"https:\/\/www.padigitale.it\/urbismart\/wp-json\/wp\/v2\/pages\/1000","targetHints":{"allow":["GET"]}}],"collection":[{"href":"https:\/\/www.padigitale.it\/urbismart\/wp-json\/wp\/v2\/pages"}],"about":[{"href":"https:\/\/www.padigitale.it\/urbismart\/wp-json\/wp\/v2\/types\/page"}],"author":[{"embeddable":true,"href":"https:\/\/www.padigitale.it\/urbismart\/wp-json\/wp\/v2\/users\/4"}],"replies":[{"embeddable":true,"href":"https:\/\/www.padigitale.it\/urbismart\/wp-json\/wp\/v2\/comments?post=1000"}],"version-history":[{"count":12,"href":"https:\/\/www.padigitale.it\/urbismart\/wp-json\/wp\/v2\/pages\/1000\/revisions"}],"predecessor-version":[{"id":1012,"href":"https:\/\/www.padigitale.it\/urbismart\/wp-json\/wp\/v2\/pages\/1000\/revisions\/1012"}],"wp:attachment":[{"href":"https:\/\/www.padigitale.it\/urbismart\/wp-json\/wp\/v2\/media?parent=1000"}],"curies":[{"name":"wp","href":"https:\/\/api.w.org\/{rel}","templated":true}]}}