{"id":385,"date":"2024-02-16T13:25:58","date_gmt":"2024-02-16T12:25:58","guid":{"rendered":"https:\/\/www.padigitale.it\/urbismart\/?page_id=385"},"modified":"2025-06-26T15:07:48","modified_gmt":"2025-06-26T13:07:48","slug":"enti-parchi","status":"publish","type":"page","link":"https:\/\/www.padigitale.it\/urbismart\/enti-parchi\/","title":{"rendered":"Enti Parchi"},"content":{"rendered":"<div class=\"wpb-content-wrapper\"><p>[vc_row pix_particles_check=&#8221;&#8221;][vc_column][vc_column_text]<\/p>\r\n<p align=\"justify\">URBI Smart \u00e8 il sistema informativo che consente la gestione a 360 gradi di tutti gli ambiti che un Ente Parco, in qualit\u00e0 di Pubblica Amministrazione, deve fronteggiare: gestione documentale, segreteria, contabilit\u00e0, personale, rilevazione presenze ecc.<\/p>\r\n\r\n<p align=\"justify\"><strong>Banca dati unica, workflow, cruscotto amministratori, sistema di gestione documentale e conservazione digitale a norma in stretta sinergia nel rispetto della normativa vigente<\/strong> (D.Lgs. 82\/2005 &#8211; CAD, Linee Guida AgID relative alla formazione, gestione e conservazione dei documenti informatici &#8211; <em>PA Digitale S.p.A. \u00e8 iscritta nell\u2019Elenco dei Conservatori attivi nel Marketplace dei servizi di conservazione AgID<\/em>) <strong>gestore delle pratiche, servizi e istanze on line\u2026 sono solo alcuni degli elementi che rendono URBI Smart un sistema solido, innovativo ed unico<\/strong> <strong>sul mercato<\/strong>, che permette una gestione di tutti i processi razionalizzata ed efficace.<\/p>\r\n<p align=\"justify\">L\u2019architettura tecnologica web nativa permette l\u2019erogazione dei servizi in modalit\u00e0 cloud cos\u00ec da <strong>garantire l\u2019accesso a tutte le funzioni del sistema in qualunque luogo<\/strong> <strong>e momento<\/strong> (anche da mobile, 7\/7gg. 24\/24h) ed inoltre permette al sistema di<strong> colloquiare e interfacciarsi pienamente con le piattaforme abilitanti<\/strong> (SPID\/CIE, IO app, pagoPA, SIOPE+, ANPR, PDND, SEND) elementi cardini del percorso di digitalizzazione intrapreso dalla PA e reso sempre pi\u00f9 incalzante anche dalle disposizioni normative e dagli obiettivi posti dal PNRR, dal Piano Triennale per l\u2019Informatica 2024-2026, dall\u2019Agenda 2026 nonch\u00e9 dall\u2019Unione Europea.<\/p>\r\n<p>\r\n\r\nURBI Smart conta ad oggi pi\u00f9 di mille clienti di diverse tipologie: <a href=\"https:\/\/www.padigitale.it\/urbismart\/?page_id=365&amp;preview=true\" target=\"_blank\" rel=\"noreferrer noopener\">vedi le Referenze URBI Smart, <em><u>clicca qui.<\/u><\/em><\/a><\/p>\r\n<p>\r\n\r\n<a href=\"https:\/\/www.padigitale.it\/urbismart\/richiedi-informazioni\/\">Richiedi informazioni, <em><u>clicca qui.<\/u><\/em><\/a><\/p>\r\n<p>&nbsp;<\/p>\r\n<p>[\/vc_column_text][\/vc_column][\/vc_row][vc_row pix_particles_check=&#8221;&#8221;][vc_column][vc_text_separator title=&#8221;APPROFONDISCI L&#8217;OFFERTA DEDICATA AGLI ENTI PARCO&#8221;][\/vc_column][\/vc_row][vc_row pix_particles_check=&#8221;&#8221;][vc_column width=&#8221;1\/3&#8243;]<div class=\"pix-content-box card      vc_custom_1709636902445    rounded-lg shadow shadow-hover bg- text-center  w-100  \"   ><div class=\"\" style=\"z-index:30;position:relative;\"><a href=\"https:\/\/www.padigitale.it\/urbismart\/affari-generali\/\" target=\"_blank\"><div id=\"1709637731607-195b3775-0be5\" class=\"pix-feature-el text-center \"><div class=\"rounded-circle d-inline-block2 d-inline-flex align-items-center justify-content-center line-height-0 mw-100 bg-primary-light \"   style=\" width:45px;aspect-ratio:1\/1 !important;position:relative;text-align:center;\"><div class=\"text-primary\" style=\"display:inline-block;width:25px;height:25px;font-size:25px;\"><svg width=\"100%\" height=\"100%\" viewBox=\"0 0 24 24\" version=\"1.1\" xmlns=\"http:\/\/www.w3.org\/2000\/svg\" xmlns:xlink=\"http:\/\/www.w3.org\/1999\/xlink\"> <defs><\/defs> <g stroke=\"none\" stroke-width=\"1\" fill=\"none\" fill-rule=\"evenodd\"> <path d=\"M5.84026576,8 L18.1597342,8 C19.1999115,8 20.0664437,8.79732479 20.1528258,9.83390904 L20.8194924,17.833909 C20.9112219,18.9346631 20.0932459,19.901362 18.9924919,19.9930915 C18.9372479,19.9976952 18.8818364,20 18.8264009,20 L5.1735991,20 C4.0690296,20 3.1735991,19.1045695 3.1735991,18 C3.1735991,17.9445645 3.17590391,17.889153 3.18050758,17.833909 L3.84717425,9.83390904 C3.93355627,8.79732479 4.80008849,8 5.84026576,8 Z M10.5,10 C10.2238576,10 10,10.2238576 10,10.5 L10,11.5 C10,11.7761424 10.2238576,12 10.5,12 L13.5,12 C13.7761424,12 14,11.7761424 14,11.5 L14,10.5 C14,10.2238576 13.7761424,10 13.5,10 L10.5,10 Z\" fill=\"#000000\"><\/path> <path d=\"M10,8 L8,8 L8,7 C8,5.34314575 9.34314575,4 11,4 L13,4 C14.6568542,4 16,5.34314575 16,7 L16,8 L14,8 L14,7 C14,6.44771525 13.5522847,6 13,6 L11,6 C10.4477153,6 10,6.44771525 10,7 L10,8 Z\" id=\"Path-53\" fill=\"#000000\" fill-rule=\"nonzero\" opacity=\"0.3\"><\/path> <\/g> <\/svg><\/div><\/div><div class=\"font-weight-bold    \" style=\"padding-top:20px;color:#495057 !important;font-size:16px;\"  >Affari Generali<\/div><div class=\"text-text-gray      \" style=\"padding-top:20px;\"  ><\/div><\/div><\/a><\/div><\/div><div class=\"pix-content-box card      vc_custom_1709636902445    rounded-lg shadow shadow-hover bg- text-center  w-100  \"   ><div class=\"\" style=\"z-index:30;position:relative;\"><a href=\"https:\/\/www.padigitale.it\/urbismart\/gestione-del-personale\/\" target=\"_blank\"><div id=\"1709637822444-782f6cad-59c7\" class=\"pix-feature-el text-center \"><div class=\"rounded-circle d-inline-block2 d-inline-flex align-items-center justify-content-center line-height-0 mw-100 bg-primary-light \"   style=\" width:45px;aspect-ratio:1\/1 !important;position:relative;text-align:center;\"><div class=\"text-primary\" style=\"display:inline-block;width:25px;height:25px;font-size:25px;\"><svg width=\"100%\" height=\"100%\" viewBox=\"0 0 24 24\" version=\"1.1\" xmlns=\"http:\/\/www.w3.org\/2000\/svg\" xmlns:xlink=\"http:\/\/www.w3.org\/1999\/xlink\"> <defs><\/defs> <g stroke=\"none\" stroke-width=\"1\" fill=\"none\" fill-rule=\"evenodd\"> <path d=\"M12,11 C9.790861,11 8,9.209139 8,7 C8,4.790861 9.790861,3 12,3 C14.209139,3 16,4.790861 16,7 C16,9.209139 14.209139,11 12,11 Z\" fill=\"#000000\" fill-rule=\"nonzero\" opacity=\"0.3\"><\/path> <path d=\"M3.00065168,20.1992055 C3.38825852,15.4265159 7.26191235,13 11.9833413,13 C16.7712164,13 20.7048837,15.2931929 20.9979143,20.2 C21.0095879,20.3954741 20.9979143,21 20.2466999,21 C16.541124,21 11.0347247,21 3.72750223,21 C3.47671215,21 2.97953825,20.45918 3.00065168,20.1992055 Z\" fill=\"#000000\" fill-rule=\"nonzero\"><\/path> <\/g> <\/svg><\/div><\/div><div class=\"font-weight-bold    \" style=\"padding-top:20px;color:#495057 !important;font-size:16px;\"  >Gestione del personale<\/div><div class=\"text-text-gray      \" style=\"padding-top:20px;\"  ><\/div><\/div><\/a><\/div><\/div>[\/vc_column][vc_column width=&#8221;1\/3&#8243;]<div class=\"pix-content-box card      vc_custom_1709636902445    rounded-lg shadow shadow-hover bg- text-center  w-100  \"   ><div class=\"\" style=\"z-index:30;position:relative;\"><a href=\"https:\/\/www.padigitale.it\/cdan\/\" target=\"_blank\"><div id=\"1709637172835-d05d7418-cd3a\" class=\"pix-feature-el text-center \"><div class=\"rounded-circle d-inline-block2 d-inline-flex align-items-center justify-content-center line-height-0 mw-100 bg-primary-light \"   style=\" width:45px;aspect-ratio:1\/1 !important;position:relative;text-align:center;\"><div class=\"text-primary\" style=\"display:inline-block;width:25px;height:25px;font-size:25px;\"><svg width=\"100%\" height=\"100%\" viewBox=\"0 0 24 24\" version=\"1.1\" xmlns=\"http:\/\/www.w3.org\/2000\/svg\" xmlns:xlink=\"http:\/\/www.w3.org\/1999\/xlink\"> <defs><\/defs> <g stroke=\"none\" stroke-width=\"1\" fill=\"none\" fill-rule=\"evenodd\"> <path d=\"M4,7 L20,7 L20,19.5 C20,20.3284271 19.3284271,21 18.5,21 L5.5,21 C4.67157288,21 4,20.3284271 4,19.5 L4,7 Z M10,10 C9.44771525,10 9,10.4477153 9,11 C9,11.5522847 9.44771525,12 10,12 L14,12 C14.5522847,12 15,11.5522847 15,11 C15,10.4477153 14.5522847,10 14,10 L10,10 Z\" fill=\"#000000\"><\/path> <rect id=\"Rectangle-143\" fill=\"#000000\" opacity=\"0.3\" x=\"2\" y=\"3\" width=\"20\" height=\"4\" rx=\"1\"><\/rect> <\/g> <\/svg><\/div><\/div><div class=\"font-weight-bold    \" style=\"padding-top:20px;color:#495057 !important;font-size:16px;\"  >Conservazione digitale a norma<\/div><div class=\"text-text-gray      \" style=\"padding-top:20px;\"  ><\/div><\/div><\/a><\/div><\/div><div class=\"pix-content-box card      vc_custom_1709636902445    rounded-lg shadow shadow-hover bg- text-center  w-100  \"   ><div class=\"\" style=\"z-index:30;position:relative;\"><a href=\"https:\/\/www.padigitale.it\/offerta-integrata\/\" target=\"_blank\"><div id=\"1709636738956-a83dfdc5-60e9\" class=\"pix-feature-el text-center \"><div class=\"rounded-circle d-inline-block2 d-inline-flex align-items-center justify-content-center line-height-0 mw-100 bg-primary-light \"   style=\" width:45px;aspect-ratio:1\/1 !important;position:relative;text-align:center;\"><div class=\"text-primary\" style=\"display:inline-block;width:25px;height:25px;font-size:25px;\"><svg width=\"100%\" height=\"100%\" viewBox=\"0 0 24 24\" version=\"1.1\" xmlns=\"http:\/\/www.w3.org\/2000\/svg\" xmlns:xlink=\"http:\/\/www.w3.org\/1999\/xlink\"> <defs><\/defs> <g stroke=\"none\" stroke-width=\"1\" fill=\"none\" fill-rule=\"evenodd\"> <rect fill=\"#000000\" opacity=\"0.3\" transform=\"translate(9.000000, 12.000000) rotate(-270.000000) translate(-9.000000, -12.000000) \" x=\"8\" y=\"6\" width=\"2\" height=\"12\" rx=\"1\"><\/rect> <path d=\"M20,7.00607258 C19.4477153,7.00607258 19,6.55855153 19,6.00650634 C19,5.45446114 19.4477153,5.00694009 20,5.00694009 L21,5.00694009 C23.209139,5.00694009 25,6.7970243 25,9.00520507 L25,15.001735 C25,17.2099158 23.209139,19 21,19 L9,19 C6.790861,19 5,17.2099158 5,15.001735 L5,8.99826498 C5,6.7900842 6.790861,5 9,5 L10.0000048,5 C10.5522896,5 11.0000048,5.44752105 11.0000048,5.99956624 C11.0000048,6.55161144 10.5522896,6.99913249 10.0000048,6.99913249 L9,6.99913249 C7.8954305,6.99913249 7,7.89417459 7,8.99826498 L7,15.001735 C7,16.1058254 7.8954305,17.0008675 9,17.0008675 L21,17.0008675 C22.1045695,17.0008675 23,16.1058254 23,15.001735 L23,9.00520507 C23,7.90111468 22.1045695,7.00607258 21,7.00607258 L20,7.00607258 Z\" id=\"Path-103\" fill=\"#000000\" fill-rule=\"nonzero\" opacity=\"0.3\" transform=\"translate(15.000000, 12.000000) rotate(-90.000000) translate(-15.000000, -12.000000) \"><\/path> <path d=\"M16.7928932,9.79289322 C17.1834175,9.40236893 17.8165825,9.40236893 18.2071068,9.79289322 C18.5976311,10.1834175 18.5976311,10.8165825 18.2071068,11.2071068 L15.2071068,14.2071068 C14.8165825,14.5976311 14.1834175,14.5976311 13.7928932,14.2071068 L10.7928932,11.2071068 C10.4023689,10.8165825 10.4023689,10.1834175 10.7928932,9.79289322 C11.1834175,9.40236893 11.8165825,9.40236893 12.2071068,9.79289322 L14.5,12.0857864 L16.7928932,9.79289322 Z\" id=\"Path-104\" fill=\"#000000\" fill-rule=\"nonzero\" transform=\"translate(14.500000, 12.000000) rotate(-90.000000) translate(-14.500000, -12.000000) \"><\/path> <\/g> <\/svg><\/div><\/div><div class=\"font-weight-bold    \" style=\"padding-top:20px;color:#495057 !important;font-size:16px;\"  >Offerta Integrata<\/div><div class=\"text-text-gray      \" style=\"padding-top:20px;\"  ><\/div><\/div><\/a><\/div><\/div>[\/vc_column][vc_column width=&#8221;1\/3&#8243;]<div class=\"pix-content-box card      vc_custom_1709636902445    rounded-lg shadow shadow-hover bg- text-center  w-100  \"   ><div class=\"\" style=\"z-index:30;position:relative;\"><a href=\"https:\/\/www.padigitale.it\/urbismart\/finanziaria\/\" target=\"_blank\"><div id=\"1709637789626-d42f58ab-d49b\" class=\"pix-feature-el text-center \"><div class=\"rounded-circle d-inline-block2 d-inline-flex align-items-center justify-content-center line-height-0 mw-100 bg-primary-light \"   style=\" width:45px;aspect-ratio:1\/1 !important;position:relative;text-align:center;\"><div class=\"text-primary\" style=\"display:inline-block;width:25px;height:25px;font-size:25px;\"><svg width=\"100%\" height=\"100%\" viewBox=\"0 0 24 24\" version=\"1.1\" xmlns=\"http:\/\/www.w3.org\/2000\/svg\" xmlns:xlink=\"http:\/\/www.w3.org\/1999\/xlink\"> <defs><\/defs> <g stroke=\"none\" stroke-width=\"1\" fill=\"none\" fill-rule=\"evenodd\"> <path d=\"M5,19 L20,19 C20.5522847,19 21,19.4477153 21,20 C21,20.5522847 20.5522847,21 20,21 L4,21 C3.44771525,21 3,20.5522847 3,20 L3,4 C3,3.44771525 3.44771525,3 4,3 C4.55228475,3 5,3.44771525 5,4 L5,19 Z\" id=\"Path-95\" fill=\"#000000\" fill-rule=\"nonzero\"><\/path> <path d=\"M8.7295372,14.6839411 C8.35180695,15.0868534 7.71897114,15.1072675 7.31605887,14.7295372 C6.9131466,14.3518069 6.89273254,13.7189711 7.2704628,13.3160589 L11.0204628,9.31605887 C11.3857725,8.92639521 11.9928179,8.89260288 12.3991193,9.23931335 L15.358855,11.7649545 L19.2151172,6.88035571 C19.5573373,6.44687693 20.1861655,6.37289714 20.6196443,6.71511723 C21.0531231,7.05733733 21.1271029,7.68616551 20.7848828,8.11964429 L16.2848828,13.8196443 C15.9333973,14.2648593 15.2823707,14.3288915 14.8508807,13.9606866 L11.8268294,11.3801628 L8.7295372,14.6839411 Z\" id=\"Path-97\" fill=\"#000000\" fill-rule=\"nonzero\" opacity=\"0.3\"><\/path> <\/g> <\/svg><\/div><\/div><div class=\"font-weight-bold    \" style=\"padding-top:20px;color:#495057 !important;font-size:16px;\"  >Finanziaria<\/div><div class=\"text-text-gray      \" style=\"padding-top:20px;\"  ><\/div><\/div><\/a><\/div><\/div><div class=\"pix-content-box card      vc_custom_1709636902445    rounded-lg shadow shadow-hover bg- text-center  w-100  \"   ><div class=\"\" style=\"z-index:30;position:relative;\"><a href=\"https:\/\/www.padigitale.it\/urbismart\/servizi-gestiti\/\" target=\"_blank\"><div id=\"1709637175900-e807f0b2-12dd\" class=\"pix-feature-el text-center \"><div class=\"rounded-circle d-inline-block2 d-inline-flex align-items-center justify-content-center line-height-0 mw-100 bg-primary-light \"   style=\" width:45px;aspect-ratio:1\/1 !important;position:relative;text-align:center;\"><div class=\"text-primary\" style=\"display:inline-block;width:25px;height:25px;font-size:25px;\"><svg width=\"100%\" height=\"100%\" viewBox=\"0 0 24 24\" version=\"1.1\" xmlns=\"http:\/\/www.w3.org\/2000\/svg\" xmlns:xlink=\"http:\/\/www.w3.org\/1999\/xlink\"> <defs><\/defs> <g stroke=\"none\" stroke-width=\"1\" fill=\"none\" fill-rule=\"evenodd\"> <path d=\"M9,10 L9,19 L10.1525987,19.3841996 C11.3761964,19.7920655 12.6575468,20 13.9473319,20 L17.5405883,20 C18.9706314,20 20.2018758,18.990621 20.4823303,17.5883484 L21.231529,13.8423552 C21.5564648,12.217676 20.5028146,10.6372006 18.8781353,10.3122648 C18.6189212,10.260422 18.353992,10.2430672 18.0902299,10.2606513 L14.5,10.5 L14.8641964,6.49383981 C14.9326895,5.74041495 14.3774427,5.07411874 13.6240179,5.00562558 C13.5827848,5.00187712 13.5414031,5 13.5,5 L13.5,5 C12.5694044,5 11.7070439,5.48826024 11.2282564,6.28623939 L9,10 Z\" id=\"Path-42\" fill=\"#000000\"><\/path> <rect id=\"Rectangle-153\" fill=\"#000000\" opacity=\"0.3\" x=\"2\" y=\"9\" width=\"5\" height=\"11\" rx=\"1\"><\/rect> <\/g> <\/svg><\/div><\/div><div class=\"font-weight-bold    \" style=\"padding-top:20px;color:#495057 !important;font-size:16px;\"  >Servizi Gestiti<\/div><div class=\"text-text-gray      \" style=\"padding-top:20px;\"  ><\/div><\/div><\/a><\/div><\/div>[\/vc_column][\/vc_row][vc_row pix_particles_check=&#8221;&#8221;][vc_column][vc_column_text]<\/p>\r\n<p>[\/vc_column_text][\/vc_column][\/vc_row]<\/p><\/div>","protected":false},"excerpt":{"rendered":"[vc_row pix_particles_check=&#8221;&#8221;][vc_column][vc_column_text] URBI Smart \u00e8 il sistema informativo che consente la gestione a 360 gradi di tutti gli ambiti che un Ente Parco, in qualit\u00e0 di Pubblica Amministrazione, deve fronteggiare: gestione documentale, segreteria, contabilit\u00e0, personale, rilevazione presenze ecc. Banca dati&#8230;","protected":false},"author":3,"featured_media":0,"parent":0,"menu_order":0,"comment_status":"closed","ping_status":"closed","template":"","meta":{"footnotes":""},"class_list":["post-385","page","type-page","status-publish","hentry"],"yoast_head":"<!-- This site is optimized with the Yoast SEO plugin v27.4 - https:\/\/yoast.com\/product\/yoast-seo-wordpress\/ -->\n<title>Enti Parchi - URBISmart<\/title>\n<meta name=\"robots\" content=\"index, follow, max-snippet:-1, max-image-preview:large, max-video-preview:-1\" \/>\n<link rel=\"canonical\" href=\"https:\/\/www.padigitale.it\/urbismart\/enti-parchi\/\" \/>\n<meta property=\"og:locale\" content=\"it_IT\" \/>\n<meta property=\"og:type\" content=\"article\" \/>\n<meta property=\"og:title\" content=\"Enti Parchi - URBISmart\" \/>\n<meta property=\"og:description\" content=\"[vc_row pix_particles_check=&#8221;&#8221;][vc_column][vc_column_text] URBI Smart \u00e8 il sistema informativo che consente la gestione a 360 gradi di tutti gli ambiti che un Ente Parco, in qualit\u00e0 di Pubblica Amministrazione, deve fronteggiare: gestione documentale, segreteria, contabilit\u00e0, personale, rilevazione presenze ecc. Banca dati...\" \/>\n<meta property=\"og:url\" content=\"https:\/\/www.padigitale.it\/urbismart\/enti-parchi\/\" \/>\n<meta property=\"og:site_name\" content=\"URBISmart\" \/>\n<meta property=\"article:modified_time\" content=\"2025-06-26T13:07:48+00:00\" \/>\n<meta name=\"twitter:card\" content=\"summary_large_image\" \/>\n<meta name=\"twitter:label1\" content=\"Tempo di lettura stimato\" \/>\n\t<meta name=\"twitter:data1\" content=\"3 minuti\" \/>\n<script type=\"application\/ld+json\" class=\"yoast-schema-graph\">{\"@context\":\"https:\\\/\\\/schema.org\",\"@graph\":[{\"@type\":\"WebPage\",\"@id\":\"https:\\\/\\\/www.padigitale.it\\\/urbismart\\\/enti-parchi\\\/\",\"url\":\"https:\\\/\\\/www.padigitale.it\\\/urbismart\\\/enti-parchi\\\/\",\"name\":\"Enti Parchi - URBISmart\",\"isPartOf\":{\"@id\":\"https:\\\/\\\/www.padigitale.it\\\/urbismart\\\/#website\"},\"datePublished\":\"2024-02-16T12:25:58+00:00\",\"dateModified\":\"2025-06-26T13:07:48+00:00\",\"breadcrumb\":{\"@id\":\"https:\\\/\\\/www.padigitale.it\\\/urbismart\\\/enti-parchi\\\/#breadcrumb\"},\"inLanguage\":\"it-IT\",\"potentialAction\":[{\"@type\":\"ReadAction\",\"target\":[\"https:\\\/\\\/www.padigitale.it\\\/urbismart\\\/enti-parchi\\\/\"]}]},{\"@type\":\"BreadcrumbList\",\"@id\":\"https:\\\/\\\/www.padigitale.it\\\/urbismart\\\/enti-parchi\\\/#breadcrumb\",\"itemListElement\":[{\"@type\":\"ListItem\",\"position\":1,\"name\":\"Home\",\"item\":\"https:\\\/\\\/www.padigitale.it\\\/urbismart\\\/\"},{\"@type\":\"ListItem\",\"position\":2,\"name\":\"Enti Parchi\"}]},{\"@type\":\"WebSite\",\"@id\":\"https:\\\/\\\/www.padigitale.it\\\/urbismart\\\/#website\",\"url\":\"https:\\\/\\\/www.padigitale.it\\\/urbismart\\\/\",\"name\":\"URBISmart\",\"description\":\"\",\"potentialAction\":[{\"@type\":\"SearchAction\",\"target\":{\"@type\":\"EntryPoint\",\"urlTemplate\":\"https:\\\/\\\/www.padigitale.it\\\/urbismart\\\/?s={search_term_string}\"},\"query-input\":{\"@type\":\"PropertyValueSpecification\",\"valueRequired\":true,\"valueName\":\"search_term_string\"}}],\"inLanguage\":\"it-IT\"}]}<\/script>\n<!-- \/ Yoast SEO plugin. -->","yoast_head_json":{"title":"Enti Parchi - URBISmart","robots":{"index":"index","follow":"follow","max-snippet":"max-snippet:-1","max-image-preview":"max-image-preview:large","max-video-preview":"max-video-preview:-1"},"canonical":"https:\/\/www.padigitale.it\/urbismart\/enti-parchi\/","og_locale":"it_IT","og_type":"article","og_title":"Enti Parchi - URBISmart","og_description":"[vc_row pix_particles_check=&#8221;&#8221;][vc_column][vc_column_text] URBI Smart \u00e8 il sistema informativo che consente la gestione a 360 gradi di tutti gli ambiti che un Ente Parco, in qualit\u00e0 di Pubblica Amministrazione, deve fronteggiare: gestione documentale, segreteria, contabilit\u00e0, personale, rilevazione presenze ecc. Banca dati...","og_url":"https:\/\/www.padigitale.it\/urbismart\/enti-parchi\/","og_site_name":"URBISmart","article_modified_time":"2025-06-26T13:07:48+00:00","twitter_card":"summary_large_image","twitter_misc":{"Tempo di lettura stimato":"3 minuti"},"schema":{"@context":"https:\/\/schema.org","@graph":[{"@type":"WebPage","@id":"https:\/\/www.padigitale.it\/urbismart\/enti-parchi\/","url":"https:\/\/www.padigitale.it\/urbismart\/enti-parchi\/","name":"Enti Parchi - URBISmart","isPartOf":{"@id":"https:\/\/www.padigitale.it\/urbismart\/#website"},"datePublished":"2024-02-16T12:25:58+00:00","dateModified":"2025-06-26T13:07:48+00:00","breadcrumb":{"@id":"https:\/\/www.padigitale.it\/urbismart\/enti-parchi\/#breadcrumb"},"inLanguage":"it-IT","potentialAction":[{"@type":"ReadAction","target":["https:\/\/www.padigitale.it\/urbismart\/enti-parchi\/"]}]},{"@type":"BreadcrumbList","@id":"https:\/\/www.padigitale.it\/urbismart\/enti-parchi\/#breadcrumb","itemListElement":[{"@type":"ListItem","position":1,"name":"Home","item":"https:\/\/www.padigitale.it\/urbismart\/"},{"@type":"ListItem","position":2,"name":"Enti Parchi"}]},{"@type":"WebSite","@id":"https:\/\/www.padigitale.it\/urbismart\/#website","url":"https:\/\/www.padigitale.it\/urbismart\/","name":"URBISmart","description":"","potentialAction":[{"@type":"SearchAction","target":{"@type":"EntryPoint","urlTemplate":"https:\/\/www.padigitale.it\/urbismart\/?s={search_term_string}"},"query-input":{"@type":"PropertyValueSpecification","valueRequired":true,"valueName":"search_term_string"}}],"inLanguage":"it-IT"}]}},"_links":{"self":[{"href":"https:\/\/www.padigitale.it\/urbismart\/wp-json\/wp\/v2\/pages\/385","targetHints":{"allow":["GET"]}}],"collection":[{"href":"https:\/\/www.padigitale.it\/urbismart\/wp-json\/wp\/v2\/pages"}],"about":[{"href":"https:\/\/www.padigitale.it\/urbismart\/wp-json\/wp\/v2\/types\/page"}],"author":[{"embeddable":true,"href":"https:\/\/www.padigitale.it\/urbismart\/wp-json\/wp\/v2\/users\/3"}],"replies":[{"embeddable":true,"href":"https:\/\/www.padigitale.it\/urbismart\/wp-json\/wp\/v2\/comments?post=385"}],"version-history":[{"count":9,"href":"https:\/\/www.padigitale.it\/urbismart\/wp-json\/wp\/v2\/pages\/385\/revisions"}],"predecessor-version":[{"id":1936,"href":"https:\/\/www.padigitale.it\/urbismart\/wp-json\/wp\/v2\/pages\/385\/revisions\/1936"}],"wp:attachment":[{"href":"https:\/\/www.padigitale.it\/urbismart\/wp-json\/wp\/v2\/media?parent=385"}],"curies":[{"name":"wp","href":"https:\/\/api.w.org\/{rel}","templated":true}]}}