{"id":468,"date":"2024-02-21T10:05:33","date_gmt":"2024-02-21T09:05:33","guid":{"rendered":"https:\/\/www.padigitale.it\/urbismart\/?page_id=468"},"modified":"2024-02-23T17:03:54","modified_gmt":"2024-02-23T16:03:54","slug":"cruscotto-amministratori","status":"publish","type":"page","link":"https:\/\/www.padigitale.it\/urbismart\/cruscotto-amministratori\/","title":{"rendered":"Cruscotto Amministratori"},"content":{"rendered":"<div class=\"wpb-content-wrapper\"><p>[vc_row pix_particles_check=&#8221;&#8221;][vc_column][vc_column_text]<\/p>\r\n<p>Le complessit\u00e0 del contesto socio-economico e le spinte continue verso l\u2019innovazione e la semplificazione, pongono obiettivi strategici per Amministratori e Dirigenti da cui deriva la necessit\u00e0 di operare scelte gestionali e direzionali consapevoli.<\/p>\r\n<p align=\"\u201djustify\u201d\"><\/p>\r\n<p align=\"justify\">La definizione delle priorit\u00e0 di azioni e progetti, unitamente alla disponibilit\u00e0 sempre pi\u00f9 limitata delle risorse, non pu\u00f2 prescindere dall\u2019<strong>avere informazioni attendibili e aggiornate sulla situazione dell\u2019Ente, in base alle quali non solo impostare scelte strategiche ma anche trasmettere indicazioni dirigenziali puntuali e mirate<\/strong>. Diventa quindi fondamentale disporre di strumenti di supporto efficaci che garantiscano, in tempo reale e in qualsiasi momento, dati e informazioni dinamici, proposti in forma sintetica e di immediata lettura tramite indicatori finanziari, tributari, territoriali e utili grafici.<\/p>\r\n<p align=\"justify\"><strong>Il Cruscotto Amministratori, alimentato dalla base informativa del sistema informativo URBI Smart, grazie al dialogo tra diverse fonti gestionali, offre in modo trasparente una serie di risultati e indicatori sull\u2019andamento dell\u2019ente<\/strong>.<\/p>\r\n<ul>\r\n<li>\u00c8 accessibile da qualsiasi dispositivo <strong>mobile, tablet o smartphone<\/strong>.<\/li>\r\n<li>\u00c8 disponibile in qualsiasi momento e luogo con <strong>collegamento Internet<\/strong> (cloud computing).<\/li>\r\n<li>Garantisce la disponibilit\u00e0 di <strong>dati dinamici costantemente aggiornati<\/strong> (report statistici) sulla situazione dell\u2019Ente.<\/li>\r\n<li>Consente di operare scelte strategiche consapevoli e di definire priorit\u00e0 d\u2019azione e interventi.<\/li>\r\n<\/ul>\r\n<p><!-- \/wp:post-content --><br \/>[\/vc_column_text][\/vc_column][\/vc_row][vc_row pix_particles_check=&#8221;&#8221;][vc_column width=&#8221;1\/2&#8243;]<div class=\"pix-content-box card      vc_custom_1708704218569    rounded-lg bg- w-100  \"   ><div class=\"\" style=\"z-index:30;position:relative;\"><div class=\"card \">\n           <div class=\"card-header bg-white pix-mb-10 shadow-sm rounded-lg\" id=\"heading1708703719924-7acb266e-4a2e\">\n               <button class=\"btn btn-link text-left rounded-lg bg-white\" type=\"button\" data-toggle=\"collapse\" data-target=\"#collapse1708703719924-7acb266e-4a2e\" aria-expanded=\"true\" aria-controls=\"collapse1708703719924-7acb266e-4a2e\" ><span class=\"d-inline-block text-primary svg-20 pix-mr-10\"><svg width=\"100%\" height=\"100%\" viewBox=\"0 0 24 24\" version=\"1.1\" xmlns=\"http:\/\/www.w3.org\/2000\/svg\" xmlns:xlink=\"http:\/\/www.w3.org\/1999\/xlink\"> <defs><\/defs> <g stroke=\"none\" stroke-width=\"1\" fill=\"none\" fill-rule=\"evenodd\"> <path d=\"M13.6855025,18.7082217 C15.9113859,17.8189707 18.682885,17.2495635 22,17 C22,16.9325178 22,13.1012863 22,5.50630526 L21.9999762,5.50630526 C21.9999762,5.23017604 21.7761292,5.00632908 21.5,5.00632908 C21.4957817,5.00632908 21.4915635,5.00638247 21.4873465,5.00648922 C18.658231,5.07811173 15.8291155,5.74261533 13,7 C13,7.04449645 13,10.79246 13,18.2438906 L12.9999854,18.2438906 C12.9999854,18.520041 13.2238496,18.7439052 13.5,18.7439052 C13.5635398,18.7439052 13.6264972,18.7317946 13.6855025,18.7082217 Z\" fill=\"#000000\"><\/path> <path d=\"M10.3144829,18.7082217 C8.08859955,17.8189707 5.31710038,17.2495635 1.99998542,17 C1.99998542,16.9325178 1.99998542,13.1012863 1.99998542,5.50630526 L2.00000925,5.50630526 C2.00000925,5.23017604 2.22385621,5.00632908 2.49998542,5.00632908 C2.50420375,5.00632908 2.5084219,5.00638247 2.51263888,5.00648922 C5.34175439,5.07811173 8.17086991,5.74261533 10.9999854,7 C10.9999854,7.04449645 10.9999854,10.79246 10.9999854,18.2438906 L11,18.2438906 C11,18.520041 10.7761358,18.7439052 10.4999854,18.7439052 C10.4364457,18.7439052 10.3734882,18.7317946 10.3144829,18.7082217 Z\" fill=\"#000000\" opacity=\"0.3\"><\/path> <\/g> <\/svg><\/span><span class=\"font-weight-bold text-heading-default\" >APPROFONDISCI E RICHIEDI LA SCHEDA PRODOTTO DELL'AREA<\/span><\/button>\n           <\/div>\n           <div id=\"collapse1708703719924-7acb266e-4a2e\" class=\"collapse  \" aria-labelledby=\"heading1708703719924-7acb266e-4a2e\">\n             <div class=\"card-body\">\n                 [vc_column_text css=&#8221;.vc_custom_1708704064390{margin-top: -30px !important;margin-left: -50px !important;padding-top: 30px !important;padding-right: 30px !important;padding-bottom: 30px !important;padding-left: 30px !important;}&#8221;]<\/p>\r\n<ul>\r\n<li>Cruscotto Amministratori<\/li>\r\n<\/ul>\r\n<p>[\/vc_column_text]<a  href=\"https:\/\/www.padigitale.it\/richiedi-informazioni\/\" class=\"btn mb-2    vc_custom_1708703785983  btn-primary d-inline-block      btn-md\" target=\"_blank\" rel=\"noopener\"    ><span class=\"font-weight-bold \" >Compila la richiesta<\/span><\/a>\n             <\/div>\n           <\/div>\n         <\/div><\/div><\/div>[\/vc_column][vc_column width=&#8221;1\/2&#8243;][\/vc_column][\/vc_row]<\/p><\/div>","protected":false},"excerpt":{"rendered":"[vc_row pix_particles_check=&#8221;&#8221;][vc_column][vc_column_text] Le complessit\u00e0 del contesto socio-economico e le spinte continue verso l\u2019innovazione e la semplificazione, pongono obiettivi strategici per Amministratori e Dirigenti da cui deriva la necessit\u00e0 di operare scelte gestionali e direzionali consapevoli. La definizione delle priorit\u00e0 di&#8230;","protected":false},"author":3,"featured_media":0,"parent":0,"menu_order":0,"comment_status":"closed","ping_status":"closed","template":"","meta":{"footnotes":""},"class_list":["post-468","page","type-page","status-publish","hentry"],"yoast_head":"<!-- This site is optimized with the Yoast SEO plugin v27.5 - https:\/\/yoast.com\/product\/yoast-seo-wordpress\/ -->\n<title>Cruscotto Amministratori - URBISmart<\/title>\n<meta name=\"robots\" content=\"index, follow, max-snippet:-1, max-image-preview:large, max-video-preview:-1\" \/>\n<link rel=\"canonical\" href=\"https:\/\/www.padigitale.it\/urbismart\/cruscotto-amministratori\/\" \/>\n<meta property=\"og:locale\" content=\"it_IT\" \/>\n<meta property=\"og:type\" content=\"article\" \/>\n<meta property=\"og:title\" content=\"Cruscotto Amministratori - URBISmart\" \/>\n<meta property=\"og:description\" content=\"[vc_row pix_particles_check=&#8221;&#8221;][vc_column][vc_column_text] Le complessit\u00e0 del contesto socio-economico e le spinte continue verso l\u2019innovazione e la semplificazione, pongono obiettivi strategici per Amministratori e Dirigenti da cui deriva la necessit\u00e0 di operare scelte gestionali e direzionali consapevoli. La definizione delle priorit\u00e0 di...\" \/>\n<meta property=\"og:url\" content=\"https:\/\/www.padigitale.it\/urbismart\/cruscotto-amministratori\/\" \/>\n<meta property=\"og:site_name\" content=\"URBISmart\" \/>\n<meta property=\"article:modified_time\" content=\"2024-02-23T16:03:54+00:00\" \/>\n<meta name=\"twitter:card\" content=\"summary_large_image\" \/>\n<meta name=\"twitter:label1\" content=\"Tempo di lettura stimato\" \/>\n\t<meta name=\"twitter:data1\" content=\"2 minuti\" \/>\n<script type=\"application\/ld+json\" class=\"yoast-schema-graph\">{\"@context\":\"https:\\\/\\\/schema.org\",\"@graph\":[{\"@type\":\"WebPage\",\"@id\":\"https:\\\/\\\/www.padigitale.it\\\/urbismart\\\/cruscotto-amministratori\\\/\",\"url\":\"https:\\\/\\\/www.padigitale.it\\\/urbismart\\\/cruscotto-amministratori\\\/\",\"name\":\"Cruscotto Amministratori - URBISmart\",\"isPartOf\":{\"@id\":\"https:\\\/\\\/www.padigitale.it\\\/urbismart\\\/#website\"},\"datePublished\":\"2024-02-21T09:05:33+00:00\",\"dateModified\":\"2024-02-23T16:03:54+00:00\",\"breadcrumb\":{\"@id\":\"https:\\\/\\\/www.padigitale.it\\\/urbismart\\\/cruscotto-amministratori\\\/#breadcrumb\"},\"inLanguage\":\"it-IT\",\"potentialAction\":[{\"@type\":\"ReadAction\",\"target\":[\"https:\\\/\\\/www.padigitale.it\\\/urbismart\\\/cruscotto-amministratori\\\/\"]}]},{\"@type\":\"BreadcrumbList\",\"@id\":\"https:\\\/\\\/www.padigitale.it\\\/urbismart\\\/cruscotto-amministratori\\\/#breadcrumb\",\"itemListElement\":[{\"@type\":\"ListItem\",\"position\":1,\"name\":\"Home\",\"item\":\"https:\\\/\\\/www.padigitale.it\\\/urbismart\\\/\"},{\"@type\":\"ListItem\",\"position\":2,\"name\":\"Cruscotto Amministratori\"}]},{\"@type\":\"WebSite\",\"@id\":\"https:\\\/\\\/www.padigitale.it\\\/urbismart\\\/#website\",\"url\":\"https:\\\/\\\/www.padigitale.it\\\/urbismart\\\/\",\"name\":\"URBISmart\",\"description\":\"\",\"potentialAction\":[{\"@type\":\"SearchAction\",\"target\":{\"@type\":\"EntryPoint\",\"urlTemplate\":\"https:\\\/\\\/www.padigitale.it\\\/urbismart\\\/?s={search_term_string}\"},\"query-input\":{\"@type\":\"PropertyValueSpecification\",\"valueRequired\":true,\"valueName\":\"search_term_string\"}}],\"inLanguage\":\"it-IT\"}]}<\/script>\n<!-- \/ Yoast SEO plugin. -->","yoast_head_json":{"title":"Cruscotto Amministratori - URBISmart","robots":{"index":"index","follow":"follow","max-snippet":"max-snippet:-1","max-image-preview":"max-image-preview:large","max-video-preview":"max-video-preview:-1"},"canonical":"https:\/\/www.padigitale.it\/urbismart\/cruscotto-amministratori\/","og_locale":"it_IT","og_type":"article","og_title":"Cruscotto Amministratori - URBISmart","og_description":"[vc_row pix_particles_check=&#8221;&#8221;][vc_column][vc_column_text] Le complessit\u00e0 del contesto socio-economico e le spinte continue verso l\u2019innovazione e la semplificazione, pongono obiettivi strategici per Amministratori e Dirigenti da cui deriva la necessit\u00e0 di operare scelte gestionali e direzionali consapevoli. La definizione delle priorit\u00e0 di...","og_url":"https:\/\/www.padigitale.it\/urbismart\/cruscotto-amministratori\/","og_site_name":"URBISmart","article_modified_time":"2024-02-23T16:03:54+00:00","twitter_card":"summary_large_image","twitter_misc":{"Tempo di lettura stimato":"2 minuti"},"schema":{"@context":"https:\/\/schema.org","@graph":[{"@type":"WebPage","@id":"https:\/\/www.padigitale.it\/urbismart\/cruscotto-amministratori\/","url":"https:\/\/www.padigitale.it\/urbismart\/cruscotto-amministratori\/","name":"Cruscotto Amministratori - URBISmart","isPartOf":{"@id":"https:\/\/www.padigitale.it\/urbismart\/#website"},"datePublished":"2024-02-21T09:05:33+00:00","dateModified":"2024-02-23T16:03:54+00:00","breadcrumb":{"@id":"https:\/\/www.padigitale.it\/urbismart\/cruscotto-amministratori\/#breadcrumb"},"inLanguage":"it-IT","potentialAction":[{"@type":"ReadAction","target":["https:\/\/www.padigitale.it\/urbismart\/cruscotto-amministratori\/"]}]},{"@type":"BreadcrumbList","@id":"https:\/\/www.padigitale.it\/urbismart\/cruscotto-amministratori\/#breadcrumb","itemListElement":[{"@type":"ListItem","position":1,"name":"Home","item":"https:\/\/www.padigitale.it\/urbismart\/"},{"@type":"ListItem","position":2,"name":"Cruscotto Amministratori"}]},{"@type":"WebSite","@id":"https:\/\/www.padigitale.it\/urbismart\/#website","url":"https:\/\/www.padigitale.it\/urbismart\/","name":"URBISmart","description":"","potentialAction":[{"@type":"SearchAction","target":{"@type":"EntryPoint","urlTemplate":"https:\/\/www.padigitale.it\/urbismart\/?s={search_term_string}"},"query-input":{"@type":"PropertyValueSpecification","valueRequired":true,"valueName":"search_term_string"}}],"inLanguage":"it-IT"}]}},"_links":{"self":[{"href":"https:\/\/www.padigitale.it\/urbismart\/wp-json\/wp\/v2\/pages\/468","targetHints":{"allow":["GET"]}}],"collection":[{"href":"https:\/\/www.padigitale.it\/urbismart\/wp-json\/wp\/v2\/pages"}],"about":[{"href":"https:\/\/www.padigitale.it\/urbismart\/wp-json\/wp\/v2\/types\/page"}],"author":[{"embeddable":true,"href":"https:\/\/www.padigitale.it\/urbismart\/wp-json\/wp\/v2\/users\/3"}],"replies":[{"embeddable":true,"href":"https:\/\/www.padigitale.it\/urbismart\/wp-json\/wp\/v2\/comments?post=468"}],"version-history":[{"count":5,"href":"https:\/\/www.padigitale.it\/urbismart\/wp-json\/wp\/v2\/pages\/468\/revisions"}],"predecessor-version":[{"id":507,"href":"https:\/\/www.padigitale.it\/urbismart\/wp-json\/wp\/v2\/pages\/468\/revisions\/507"}],"wp:attachment":[{"href":"https:\/\/www.padigitale.it\/urbismart\/wp-json\/wp\/v2\/media?parent=468"}],"curies":[{"name":"wp","href":"https:\/\/api.w.org\/{rel}","templated":true}]}}