{"id":600,"date":"2024-02-27T11:47:13","date_gmt":"2024-02-27T10:47:13","guid":{"rendered":"https:\/\/www.padigitale.it\/urbismart\/?page_id=600"},"modified":"2025-06-26T10:24:21","modified_gmt":"2025-06-26T08:24:21","slug":"teatri","status":"publish","type":"page","link":"https:\/\/www.padigitale.it\/urbismart\/teatri\/","title":{"rendered":"Teatri"},"content":{"rendered":"<div class=\"wpb-content-wrapper\"><p>[vc_row pix_particles_check=&#8221;&#8221;][vc_column][vc_column_text]<\/p>\r\n<p align=\"justify\">URBI Smart \u00e8 il sistema informativo funzionale alle esigenze dei Teatri: <strong>risponde a tutte le necessit\u00e0 operativo-gestionali degli uffici che si occupano di gestione documentale, segreteria, contabilit\u00e0, personale, rilevazione presenze e controllo accessi ecc.<\/strong><\/p>\r\n<p>\u00a0La solidit\u00e0 del sistema, dovuta alle caratteristiche di base che lo rendono unico sul mercato &#8211; <strong>web nativo, banca dati unica, workflow basato su iter procedurali, sistema di gestione documentale e conservazione digitale a norma in stretta sinergia nel rispetto della normativa vigente <\/strong>(D.Lgs. 82\/2005 &#8211; CAD, Linee Guida AgID relative alla formazione, gestione e conservazione dei documenti informatici &#8211; <em>PA Digitale S.p.A. \u00e8 iscritta nell\u2019Elenco dei Conservatori attivi nel Marketplace dei servizi di conservazione AgID<\/em>) <strong>gestore delle pratiche, servizi e istanze on line\u2026<\/strong>&#8211; consente una gestione di tutti i processi razionalizzata ed efficace e, di conseguenza, una gestione delle attivit\u00e0 puntuale ed efficiente.<\/p>\r\n<p>\u00a0<strong>L\u2019architettura tecnologica su cui si appoggia, consente al sistema di vivere naturalmente in rete ed anche per questo \u00e8 in grado di colloquiare e interfacciarsi pienamente con le piattaforme abilitanti<\/strong> (SPID\/CIE, IO app, pagoPA, SIOPE+, ANPR, PDND, SEND) alla base del percorso di digitalizzazione intrapreso e reso sempre pi\u00f9 incalzante anche dalle disposizioni normative e dagli obiettivi posti dal PNRR, dal Piano Triennale per l\u2019Informatica 2024-2026, dall\u2019Agenda 2026 nonch\u00e9 dall\u2019Unione Europea.<\/p>\r\n\r\n<p>URBI Smart conta ad oggi pi\u00f9 di mille clienti di diverse tipologie: <a href=\"https:\/\/www.padigitale.it\/urbismart\/?page_id=365&amp;preview=true\" target=\"_blank\" rel=\"noreferrer noopener\">vedi le Referenze URBI Smart, <em><u>clicca qui.<\/u><\/em><\/a><\/p>\r\n\r\n<p><a href=\"https:\/\/www.padigitale.it\/urbismart\/richiedi-informazioni\/\">Richiedi informazioni, <em><u>clicca qui.<\/u><\/em><\/a><\/p>\r\n<p>[\/vc_column_text][\/vc_column][\/vc_row][vc_row pix_particles_check=&#8221;&#8221;][vc_column][vc_text_separator title=&#8221;APPROFONDISCI L&#8217;OFFERTA DEDICATA AI TEATRI&#8221;][\/vc_column][\/vc_row][vc_row pix_particles_check=&#8221;&#8221;][vc_column width=&#8221;1\/3&#8243;]<div class=\"pix-content-box card      vc_custom_1709030322772    rounded-lg shadow shadow-hover bg- text-center  w-100  \"   ><div class=\"\" style=\"z-index:30;position:relative;\"><a href=\"https:\/\/www.padigitale.it\/urbismart\/affari-generali\/\" ><div id=\"1709030671447-8cd0a19b-e534\" class=\"pix-feature-el text-center \"><div class=\"rounded-circle d-inline-block2 d-inline-flex align-items-center justify-content-center line-height-0 mw-100 bg-primary-light \"   style=\" width:45px;aspect-ratio:1\/1 !important;position:relative;text-align:center;\"><div class=\"text-primary\" style=\"display:inline-block;width:25px;height:25px;font-size:25px;\"><svg width=\"100%\" height=\"100%\" viewBox=\"0 0 24 24\" version=\"1.1\" xmlns=\"http:\/\/www.w3.org\/2000\/svg\" xmlns:xlink=\"http:\/\/www.w3.org\/1999\/xlink\"> <defs><\/defs> <g stroke=\"none\" stroke-width=\"1\" fill=\"none\" fill-rule=\"evenodd\"> <path d=\"M5.84026576,8 L18.1597342,8 C19.1999115,8 20.0664437,8.79732479 20.1528258,9.83390904 L20.8194924,17.833909 C20.9112219,18.9346631 20.0932459,19.901362 18.9924919,19.9930915 C18.9372479,19.9976952 18.8818364,20 18.8264009,20 L5.1735991,20 C4.0690296,20 3.1735991,19.1045695 3.1735991,18 C3.1735991,17.9445645 3.17590391,17.889153 3.18050758,17.833909 L3.84717425,9.83390904 C3.93355627,8.79732479 4.80008849,8 5.84026576,8 Z M10.5,10 C10.2238576,10 10,10.2238576 10,10.5 L10,11.5 C10,11.7761424 10.2238576,12 10.5,12 L13.5,12 C13.7761424,12 14,11.7761424 14,11.5 L14,10.5 C14,10.2238576 13.7761424,10 13.5,10 L10.5,10 Z\" fill=\"#000000\"><\/path> <path d=\"M10,8 L8,8 L8,7 C8,5.34314575 9.34314575,4 11,4 L13,4 C14.6568542,4 16,5.34314575 16,7 L16,8 L14,8 L14,7 C14,6.44771525 13.5522847,6 13,6 L11,6 C10.4477153,6 10,6.44771525 10,7 L10,8 Z\" id=\"Path-53\" fill=\"#000000\" fill-rule=\"nonzero\" opacity=\"0.3\"><\/path> <\/g> <\/svg><\/div><\/div><div class=\"font-weight-bold    \" style=\"padding-top:20px;color:#495057 !important;font-size:16px;\"  >Affari Generali<\/div><div class=\"text-text-gray      \" style=\"padding-top:20px;\"  ><\/div><\/div><\/a><\/div><\/div><div class=\"pix-content-box card      vc_custom_1709030322772    rounded-lg shadow shadow-hover bg- text-center  w-100  \"   ><div class=\"\" style=\"z-index:30;position:relative;\"><a href=\"https:\/\/www.padigitale.it\/offerta-integrata\/\" ><div id=\"1709030350742-9a103c66-7c42\" class=\"pix-feature-el text-center \"><div class=\"rounded-circle d-inline-block2 d-inline-flex align-items-center justify-content-center line-height-0 mw-100 bg-primary-light \"   style=\" width:45px;aspect-ratio:1\/1 !important;position:relative;text-align:center;\"><div class=\"text-primary\" style=\"display:inline-block;width:25px;height:25px;font-size:25px;\"><svg width=\"100%\" height=\"100%\" viewBox=\"0 0 24 24\" version=\"1.1\" xmlns=\"http:\/\/www.w3.org\/2000\/svg\" xmlns:xlink=\"http:\/\/www.w3.org\/1999\/xlink\"> <defs><\/defs> <g stroke=\"none\" stroke-width=\"1\" fill=\"none\" fill-rule=\"evenodd\"> <rect fill=\"#000000\" opacity=\"0.3\" transform=\"translate(9.000000, 12.000000) rotate(-270.000000) translate(-9.000000, -12.000000) \" x=\"8\" y=\"6\" width=\"2\" height=\"12\" rx=\"1\"><\/rect> <path d=\"M20,7.00607258 C19.4477153,7.00607258 19,6.55855153 19,6.00650634 C19,5.45446114 19.4477153,5.00694009 20,5.00694009 L21,5.00694009 C23.209139,5.00694009 25,6.7970243 25,9.00520507 L25,15.001735 C25,17.2099158 23.209139,19 21,19 L9,19 C6.790861,19 5,17.2099158 5,15.001735 L5,8.99826498 C5,6.7900842 6.790861,5 9,5 L10.0000048,5 C10.5522896,5 11.0000048,5.44752105 11.0000048,5.99956624 C11.0000048,6.55161144 10.5522896,6.99913249 10.0000048,6.99913249 L9,6.99913249 C7.8954305,6.99913249 7,7.89417459 7,8.99826498 L7,15.001735 C7,16.1058254 7.8954305,17.0008675 9,17.0008675 L21,17.0008675 C22.1045695,17.0008675 23,16.1058254 23,15.001735 L23,9.00520507 C23,7.90111468 22.1045695,7.00607258 21,7.00607258 L20,7.00607258 Z\" id=\"Path-103\" fill=\"#000000\" fill-rule=\"nonzero\" opacity=\"0.3\" transform=\"translate(15.000000, 12.000000) rotate(-90.000000) translate(-15.000000, -12.000000) \"><\/path> <path d=\"M16.7928932,9.79289322 C17.1834175,9.40236893 17.8165825,9.40236893 18.2071068,9.79289322 C18.5976311,10.1834175 18.5976311,10.8165825 18.2071068,11.2071068 L15.2071068,14.2071068 C14.8165825,14.5976311 14.1834175,14.5976311 13.7928932,14.2071068 L10.7928932,11.2071068 C10.4023689,10.8165825 10.4023689,10.1834175 10.7928932,9.79289322 C11.1834175,9.40236893 11.8165825,9.40236893 12.2071068,9.79289322 L14.5,12.0857864 L16.7928932,9.79289322 Z\" id=\"Path-104\" fill=\"#000000\" fill-rule=\"nonzero\" transform=\"translate(14.500000, 12.000000) rotate(-90.000000) translate(-14.500000, -12.000000) \"><\/path> <\/g> <\/svg><\/div><\/div><div class=\"font-weight-bold    \" style=\"padding-top:20px;color:#495057 !important;font-size:16px;\"  >Offerta integrata<\/div><div class=\"text-text-gray      \" style=\"padding-top:20px;\"  ><\/div><\/div><\/a><\/div><\/div>[\/vc_column][vc_column width=&#8221;1\/3&#8243;]<div class=\"pix-content-box card      vc_custom_1709030322772    rounded-lg shadow shadow-hover bg- text-center  w-100  \"   ><div class=\"\" style=\"z-index:30;position:relative;\"><a href=\"https:\/\/www.padigitale.it\/cdan\/\" target=\"_blank\"><div id=\"1709030374926-ccf72ff1-ce26\" class=\"pix-feature-el text-center \"><div class=\"rounded-circle d-inline-block2 d-inline-flex align-items-center justify-content-center line-height-0 mw-100 bg-primary-light \"   style=\" width:45px;aspect-ratio:1\/1 !important;position:relative;text-align:center;\"><div class=\"text-primary\" style=\"display:inline-block;width:25px;height:25px;font-size:25px;\"><svg width=\"100%\" height=\"100%\" viewBox=\"0 0 24 24\" version=\"1.1\" xmlns=\"http:\/\/www.w3.org\/2000\/svg\" xmlns:xlink=\"http:\/\/www.w3.org\/1999\/xlink\"> <defs><\/defs> <g stroke=\"none\" stroke-width=\"1\" fill=\"none\" fill-rule=\"evenodd\"> <path d=\"M4,7 L20,7 L20,19.5 C20,20.3284271 19.3284271,21 18.5,21 L5.5,21 C4.67157288,21 4,20.3284271 4,19.5 L4,7 Z M10,10 C9.44771525,10 9,10.4477153 9,11 C9,11.5522847 9.44771525,12 10,12 L14,12 C14.5522847,12 15,11.5522847 15,11 C15,10.4477153 14.5522847,10 14,10 L10,10 Z\" fill=\"#000000\"><\/path> <rect id=\"Rectangle-143\" fill=\"#000000\" opacity=\"0.3\" x=\"2\" y=\"3\" width=\"20\" height=\"4\" rx=\"1\"><\/rect> <\/g> <\/svg><\/div><\/div><div class=\"font-weight-bold    \" style=\"padding-top:20px;color:#495057 !important;font-size:16px;\"  >Conservazione digitale a norma<\/div><div class=\"text-text-gray      \" style=\"padding-top:20px;\"  ><\/div><\/div><\/a><\/div><\/div><div class=\"pix-content-box card      vc_custom_1709030322772    rounded-lg shadow shadow-hover bg- text-center  w-100  \"   ><div class=\"\" style=\"z-index:30;position:relative;\"><a href=\"https:\/\/www.padigitale.it\/urbismart\/gestione-del-personale\/\" ><div id=\"1709030712398-840c5097-dbbc\" class=\"pix-feature-el text-center \"><div class=\"rounded-circle d-inline-block2 d-inline-flex align-items-center justify-content-center line-height-0 mw-100 bg-primary-light \"   style=\" width:45px;aspect-ratio:1\/1 !important;position:relative;text-align:center;\"><div class=\"text-primary\" style=\"display:inline-block;width:25px;height:25px;font-size:25px;\"><svg width=\"100%\" height=\"100%\" viewBox=\"0 0 24 24\" version=\"1.1\" xmlns=\"http:\/\/www.w3.org\/2000\/svg\" xmlns:xlink=\"http:\/\/www.w3.org\/1999\/xlink\"> <defs><\/defs> <g stroke=\"none\" stroke-width=\"1\" fill=\"none\" fill-rule=\"evenodd\"> <path d=\"M12,11 C9.790861,11 8,9.209139 8,7 C8,4.790861 9.790861,3 12,3 C14.209139,3 16,4.790861 16,7 C16,9.209139 14.209139,11 12,11 Z\" fill=\"#000000\" fill-rule=\"nonzero\" opacity=\"0.3\"><\/path> <path d=\"M3.00065168,20.1992055 C3.38825852,15.4265159 7.26191235,13 11.9833413,13 C16.7712164,13 20.7048837,15.2931929 20.9979143,20.2 C21.0095879,20.3954741 20.9979143,21 20.2466999,21 C16.541124,21 11.0347247,21 3.72750223,21 C3.47671215,21 2.97953825,20.45918 3.00065168,20.1992055 Z\" fill=\"#000000\" fill-rule=\"nonzero\"><\/path> <\/g> <\/svg><\/div><\/div><div class=\"font-weight-bold    \" style=\"padding-top:20px;color:#495057 !important;font-size:16px;\"  >Gestione del personale<\/div><div class=\"text-text-gray      \" style=\"padding-top:20px;\"  ><\/div><\/div><\/a><\/div><\/div>[\/vc_column][vc_column width=&#8221;1\/3&#8243;]<div class=\"pix-content-box card      vc_custom_1709030322772    rounded-lg shadow shadow-hover bg- text-center  w-100  \"   ><div class=\"\" style=\"z-index:30;position:relative;\"><a href=\"https:\/\/www.padigitale.it\/urbismart\/finanziaria\/\" ><div id=\"1709030685216-82b3a271-1865\" class=\"pix-feature-el text-center \"><div class=\"rounded-circle d-inline-block2 d-inline-flex align-items-center justify-content-center line-height-0 mw-100 bg-primary-light \"   style=\" width:45px;aspect-ratio:1\/1 !important;position:relative;text-align:center;\"><div class=\"text-primary\" style=\"display:inline-block;width:25px;height:25px;font-size:25px;\"><svg width=\"100%\" height=\"100%\" viewBox=\"0 0 24 24\" version=\"1.1\" xmlns=\"http:\/\/www.w3.org\/2000\/svg\" xmlns:xlink=\"http:\/\/www.w3.org\/1999\/xlink\"> <defs><\/defs> <g stroke=\"none\" stroke-width=\"1\" fill=\"none\" fill-rule=\"evenodd\"> <path d=\"M5,19 L20,19 C20.5522847,19 21,19.4477153 21,20 C21,20.5522847 20.5522847,21 20,21 L4,21 C3.44771525,21 3,20.5522847 3,20 L3,4 C3,3.44771525 3.44771525,3 4,3 C4.55228475,3 5,3.44771525 5,4 L5,19 Z\" id=\"Path-95\" fill=\"#000000\" fill-rule=\"nonzero\"><\/path> <path d=\"M8.7295372,14.6839411 C8.35180695,15.0868534 7.71897114,15.1072675 7.31605887,14.7295372 C6.9131466,14.3518069 6.89273254,13.7189711 7.2704628,13.3160589 L11.0204628,9.31605887 C11.3857725,8.92639521 11.9928179,8.89260288 12.3991193,9.23931335 L15.358855,11.7649545 L19.2151172,6.88035571 C19.5573373,6.44687693 20.1861655,6.37289714 20.6196443,6.71511723 C21.0531231,7.05733733 21.1271029,7.68616551 20.7848828,8.11964429 L16.2848828,13.8196443 C15.9333973,14.2648593 15.2823707,14.3288915 14.8508807,13.9606866 L11.8268294,11.3801628 L8.7295372,14.6839411 Z\" id=\"Path-97\" fill=\"#000000\" fill-rule=\"nonzero\" opacity=\"0.3\"><\/path> <\/g> <\/svg><\/div><\/div><div class=\"font-weight-bold    \" style=\"padding-top:20px;color:#495057 !important;font-size:16px;\"  >Finanziaria<\/div><div class=\"text-text-gray      \" style=\"padding-top:20px;\"  ><\/div><\/div><\/a><\/div><\/div><div class=\"pix-content-box card      vc_custom_1709030322772    rounded-lg shadow shadow-hover bg- text-center  w-100  \"   ><div class=\"\" style=\"z-index:30;position:relative;\"><a href=\"https:\/\/www.padigitale.it\/urbismart\/partner-tecnologico-pnrr\/\" ><div id=\"1709030016521-59ce023f-ef26\" class=\"pix-feature-el text-center \"><div class=\"rounded-circle d-inline-block2 d-inline-flex align-items-center justify-content-center line-height-0 mw-100 bg-primary-light \"   style=\" width:45px;aspect-ratio:1\/1 !important;position:relative;text-align:center;\"><div class=\"text-primary\" style=\"display:inline-block;width:25px;height:25px;font-size:25px;\"><svg width=\"100%\" height=\"100%\" viewBox=\"0 0 24 24\" version=\"1.1\" xmlns=\"http:\/\/www.w3.org\/2000\/svg\" xmlns:xlink=\"http:\/\/www.w3.org\/1999\/xlink\"> <defs><\/defs> <g stroke=\"none\" stroke-width=\"1\" fill=\"none\" fill-rule=\"evenodd\"> <polygon fill=\"#000000\" opacity=\"0.3\" points=\"6 7 6 15 18 15 18 7\"><\/polygon> <path d=\"M11,19 L11,16 C11,15.4477153 11.4477153,15 12,15 C12.5522847,15 13,15.4477153 13,16 L13,19 L14.5,19 C14.7761424,19 15,19.2238576 15,19.5 C15,19.7761424 14.7761424,20 14.5,20 L9.5,20 C9.22385763,20 9,19.7761424 9,19.5 C9,19.2238576 9.22385763,19 9.5,19 L11,19 Z\" fill=\"#000000\" opacity=\"0.3\"><\/path> <path d=\"M6,7 L6,15 L18,15 L18,7 L6,7 Z M6,5 L18,5 C19.1045695,5 20,5.8954305 20,7 L20,15 C20,16.1045695 19.1045695,17 18,17 L6,17 C4.8954305,17 4,16.1045695 4,15 L4,7 C4,5.8954305 4.8954305,5 6,5 Z\" fill=\"#000000\" fill-rule=\"nonzero\"><\/path> <\/g> <\/svg><\/div><\/div><div class=\"font-weight-bold    \" style=\"padding-top:20px;color:#495057 !important;font-size:16px;\"  >Soluzioni e Servizi per il Digitale<\/div><div class=\"text-text-gray      \" style=\"padding-top:20px;\"  ><\/div><\/div><\/a><\/div><\/div>[\/vc_column][\/vc_row]<\/p><\/div>","protected":false},"excerpt":{"rendered":"[vc_row pix_particles_check=&#8221;&#8221;][vc_column][vc_column_text] URBI Smart \u00e8 il sistema informativo funzionale alle esigenze dei Teatri: risponde a tutte le necessit\u00e0 operativo-gestionali degli uffici che si occupano di gestione documentale, segreteria, contabilit\u00e0, personale, rilevazione presenze e controllo accessi ecc. \u00a0La solidit\u00e0 del sistema,&#8230;","protected":false},"author":4,"featured_media":0,"parent":0,"menu_order":0,"comment_status":"closed","ping_status":"closed","template":"","meta":{"footnotes":""},"class_list":["post-600","page","type-page","status-publish","hentry"],"yoast_head":"<!-- This site is optimized with the Yoast SEO plugin v27.4 - https:\/\/yoast.com\/product\/yoast-seo-wordpress\/ -->\n<title>Teatri - URBISmart<\/title>\n<meta name=\"robots\" content=\"index, follow, max-snippet:-1, max-image-preview:large, max-video-preview:-1\" \/>\n<link rel=\"canonical\" href=\"https:\/\/www.padigitale.it\/urbismart\/teatri\/\" \/>\n<meta property=\"og:locale\" content=\"it_IT\" \/>\n<meta property=\"og:type\" content=\"article\" \/>\n<meta property=\"og:title\" content=\"Teatri - URBISmart\" \/>\n<meta property=\"og:description\" content=\"[vc_row pix_particles_check=&#8221;&#8221;][vc_column][vc_column_text] URBI Smart \u00e8 il sistema informativo funzionale alle esigenze dei Teatri: risponde a tutte le necessit\u00e0 operativo-gestionali degli uffici che si occupano di gestione documentale, segreteria, contabilit\u00e0, personale, rilevazione presenze e controllo accessi ecc. \u00a0La solidit\u00e0 del sistema,...\" \/>\n<meta property=\"og:url\" content=\"https:\/\/www.padigitale.it\/urbismart\/teatri\/\" \/>\n<meta property=\"og:site_name\" content=\"URBISmart\" \/>\n<meta property=\"article:modified_time\" content=\"2025-06-26T08:24:21+00:00\" \/>\n<meta name=\"twitter:card\" content=\"summary_large_image\" \/>\n<meta name=\"twitter:label1\" content=\"Tempo di lettura stimato\" \/>\n\t<meta name=\"twitter:data1\" content=\"3 minuti\" \/>\n<script type=\"application\/ld+json\" class=\"yoast-schema-graph\">{\"@context\":\"https:\\\/\\\/schema.org\",\"@graph\":[{\"@type\":\"WebPage\",\"@id\":\"https:\\\/\\\/www.padigitale.it\\\/urbismart\\\/teatri\\\/\",\"url\":\"https:\\\/\\\/www.padigitale.it\\\/urbismart\\\/teatri\\\/\",\"name\":\"Teatri - URBISmart\",\"isPartOf\":{\"@id\":\"https:\\\/\\\/www.padigitale.it\\\/urbismart\\\/#website\"},\"datePublished\":\"2024-02-27T10:47:13+00:00\",\"dateModified\":\"2025-06-26T08:24:21+00:00\",\"breadcrumb\":{\"@id\":\"https:\\\/\\\/www.padigitale.it\\\/urbismart\\\/teatri\\\/#breadcrumb\"},\"inLanguage\":\"it-IT\",\"potentialAction\":[{\"@type\":\"ReadAction\",\"target\":[\"https:\\\/\\\/www.padigitale.it\\\/urbismart\\\/teatri\\\/\"]}]},{\"@type\":\"BreadcrumbList\",\"@id\":\"https:\\\/\\\/www.padigitale.it\\\/urbismart\\\/teatri\\\/#breadcrumb\",\"itemListElement\":[{\"@type\":\"ListItem\",\"position\":1,\"name\":\"Home\",\"item\":\"https:\\\/\\\/www.padigitale.it\\\/urbismart\\\/\"},{\"@type\":\"ListItem\",\"position\":2,\"name\":\"Teatri\"}]},{\"@type\":\"WebSite\",\"@id\":\"https:\\\/\\\/www.padigitale.it\\\/urbismart\\\/#website\",\"url\":\"https:\\\/\\\/www.padigitale.it\\\/urbismart\\\/\",\"name\":\"URBISmart\",\"description\":\"\",\"potentialAction\":[{\"@type\":\"SearchAction\",\"target\":{\"@type\":\"EntryPoint\",\"urlTemplate\":\"https:\\\/\\\/www.padigitale.it\\\/urbismart\\\/?s={search_term_string}\"},\"query-input\":{\"@type\":\"PropertyValueSpecification\",\"valueRequired\":true,\"valueName\":\"search_term_string\"}}],\"inLanguage\":\"it-IT\"}]}<\/script>\n<!-- \/ Yoast SEO plugin. -->","yoast_head_json":{"title":"Teatri - URBISmart","robots":{"index":"index","follow":"follow","max-snippet":"max-snippet:-1","max-image-preview":"max-image-preview:large","max-video-preview":"max-video-preview:-1"},"canonical":"https:\/\/www.padigitale.it\/urbismart\/teatri\/","og_locale":"it_IT","og_type":"article","og_title":"Teatri - URBISmart","og_description":"[vc_row pix_particles_check=&#8221;&#8221;][vc_column][vc_column_text] URBI Smart \u00e8 il sistema informativo funzionale alle esigenze dei Teatri: risponde a tutte le necessit\u00e0 operativo-gestionali degli uffici che si occupano di gestione documentale, segreteria, contabilit\u00e0, personale, rilevazione presenze e controllo accessi ecc. \u00a0La solidit\u00e0 del sistema,...","og_url":"https:\/\/www.padigitale.it\/urbismart\/teatri\/","og_site_name":"URBISmart","article_modified_time":"2025-06-26T08:24:21+00:00","twitter_card":"summary_large_image","twitter_misc":{"Tempo di lettura stimato":"3 minuti"},"schema":{"@context":"https:\/\/schema.org","@graph":[{"@type":"WebPage","@id":"https:\/\/www.padigitale.it\/urbismart\/teatri\/","url":"https:\/\/www.padigitale.it\/urbismart\/teatri\/","name":"Teatri - URBISmart","isPartOf":{"@id":"https:\/\/www.padigitale.it\/urbismart\/#website"},"datePublished":"2024-02-27T10:47:13+00:00","dateModified":"2025-06-26T08:24:21+00:00","breadcrumb":{"@id":"https:\/\/www.padigitale.it\/urbismart\/teatri\/#breadcrumb"},"inLanguage":"it-IT","potentialAction":[{"@type":"ReadAction","target":["https:\/\/www.padigitale.it\/urbismart\/teatri\/"]}]},{"@type":"BreadcrumbList","@id":"https:\/\/www.padigitale.it\/urbismart\/teatri\/#breadcrumb","itemListElement":[{"@type":"ListItem","position":1,"name":"Home","item":"https:\/\/www.padigitale.it\/urbismart\/"},{"@type":"ListItem","position":2,"name":"Teatri"}]},{"@type":"WebSite","@id":"https:\/\/www.padigitale.it\/urbismart\/#website","url":"https:\/\/www.padigitale.it\/urbismart\/","name":"URBISmart","description":"","potentialAction":[{"@type":"SearchAction","target":{"@type":"EntryPoint","urlTemplate":"https:\/\/www.padigitale.it\/urbismart\/?s={search_term_string}"},"query-input":{"@type":"PropertyValueSpecification","valueRequired":true,"valueName":"search_term_string"}}],"inLanguage":"it-IT"}]}},"_links":{"self":[{"href":"https:\/\/www.padigitale.it\/urbismart\/wp-json\/wp\/v2\/pages\/600","targetHints":{"allow":["GET"]}}],"collection":[{"href":"https:\/\/www.padigitale.it\/urbismart\/wp-json\/wp\/v2\/pages"}],"about":[{"href":"https:\/\/www.padigitale.it\/urbismart\/wp-json\/wp\/v2\/types\/page"}],"author":[{"embeddable":true,"href":"https:\/\/www.padigitale.it\/urbismart\/wp-json\/wp\/v2\/users\/4"}],"replies":[{"embeddable":true,"href":"https:\/\/www.padigitale.it\/urbismart\/wp-json\/wp\/v2\/comments?post=600"}],"version-history":[{"count":19,"href":"https:\/\/www.padigitale.it\/urbismart\/wp-json\/wp\/v2\/pages\/600\/revisions"}],"predecessor-version":[{"id":1932,"href":"https:\/\/www.padigitale.it\/urbismart\/wp-json\/wp\/v2\/pages\/600\/revisions\/1932"}],"wp:attachment":[{"href":"https:\/\/www.padigitale.it\/urbismart\/wp-json\/wp\/v2\/media?parent=600"}],"curies":[{"name":"wp","href":"https:\/\/api.w.org\/{rel}","templated":true}]}}