{"id":615,"date":"2024-02-27T16:56:35","date_gmt":"2024-02-27T15:56:35","guid":{"rendered":"https:\/\/www.padigitale.it\/urbismart\/?page_id=615"},"modified":"2024-02-27T16:56:35","modified_gmt":"2024-02-27T15:56:35","slug":"riscossioni","status":"publish","type":"page","link":"https:\/\/www.padigitale.it\/urbismart\/riscossioni\/","title":{"rendered":"Riscossioni"},"content":{"rendered":"<div class=\"wpb-content-wrapper\"><p>[vc_row pix_particles_check=&#8221;&#8221;][vc_column][vc_column_text]<\/p>\r\n<p>La soluzione gestisce tutte le fasi della riscossione e della rendicontazione per le entrate tributarie ed extra-tributarie e supporta le societ\u00e0 di riscossione autorizzate nonch\u00e9 i Comuni o le proprie societ\u00e0 partecipate nelle attivit\u00e0 relative di riscossione ordinaria e coattiva nel rispetto della normativa vigente.<\/p>\r\n<!-- \/wp:post-content --><!-- \/wp:paragraph --><!-- \/wp:paragraph -->\r\n<p>Contempla tutte le fasi di riscossione:<\/p>\r\n<ul>\r\n<li>ordinaria (avvisi di pagamento e relativa gestione);<\/li>\r\n<li>emissione e gestione ingiunzioni di pagamento, solleciti accertamenti esecutivi;<\/li>\r\n<li>passaggio delle partite insolute in procedura cautelare\/esecutiva e relativo iter;<\/li>\r\n<li>gestioni delle rateizzazioni (trasversale su tutte le gestioni);<\/li>\r\n<li>monitoraggio delle entrate (trasversale su tutte le gestioni);<\/li>\r\n<li>rendicontazione incassi e rimborsi;<\/li>\r\n<li>aggi spettanti alle societ\u00e0 di riscossione.<\/li>\r\n<\/ul>\r\n<!-- wp:paragraph {\"style\":{\"elements\":{\"link\":{\"color\":{\"text\":\"#b92b2b\"}}},\"color\":{\"text\":\"#b92b2b\"}},\"fontSize\":\"medium\"} --><!-- \/wp:paragraph -->\r\n<p>Fornisce inoltre un estratto conto del debitore, consentendo in tempo reale di avere sotto controllo la situazione debitoria del soggetto, riconosciuto come univoco nella banca dati.<\/p>\r\n<p>La soluzione consente di importare anche partite (di riscossione ordinaria o coattiva) per le quali non \u00e8 attivo il modulo di gestione attraverso l\u2019importazione di tracciati 290; consente inoltre la comunicazione con altri applicativi attraverso utility di esportazione dati in formato ASCII.<\/p>\r\n<p>Il modulo \u00e8 integrato con tutte le applicazioni dell\u2019area Tributi e con i Servizi a Domanda Individuale del sistema URBI Smart, con le piattaforme nazionali pagoPA e IO app.<\/p>\r\n<!-- wp:paragraph {\"style\":{\"elements\":{\"link\":{\"color\":{\"text\":\"#b92b2b\"}}},\"color\":{\"text\":\"#b92b2b\"}},\"fontSize\":\"medium\"} -->\r\n<p><!-- wp:paragraph --><!-- \/wp:paragraph --><!-- \/wp:paragraph -->[\/vc_column_text][\/vc_column][\/vc_row][vc_row pix_particles_check=&#8221;&#8221;][vc_column width=&#8221;1\/2&#8243;]<div class=\"pix-content-box card      vc_custom_1708957461860    rounded-10 bg- w-100  \"   ><div class=\"\" style=\"z-index:30;position:relative;\"><div class=\"card \">\n           <div class=\"card-header bg-white pix-mb-10 shadow-sm rounded-lg\" id=\"heading1708696333661-65c30d96-e683\">\n               <button class=\"btn btn-link text-left rounded-lg bg-white\" type=\"button\" data-toggle=\"collapse\" data-target=\"#collapse1708696333661-65c30d96-e683\" aria-expanded=\"true\" aria-controls=\"collapse1708696333661-65c30d96-e683\" ><span class=\"d-inline-block text-primary svg-20 pix-mr-10\"><svg width=\"100%\" height=\"100%\" viewBox=\"0 0 24 24\" version=\"1.1\" xmlns=\"http:\/\/www.w3.org\/2000\/svg\" xmlns:xlink=\"http:\/\/www.w3.org\/1999\/xlink\"> <defs><\/defs> <g stroke=\"none\" stroke-width=\"1\" fill=\"none\" fill-rule=\"evenodd\"> <path d=\"M13.6855025,18.7082217 C15.9113859,17.8189707 18.682885,17.2495635 22,17 C22,16.9325178 22,13.1012863 22,5.50630526 L21.9999762,5.50630526 C21.9999762,5.23017604 21.7761292,5.00632908 21.5,5.00632908 C21.4957817,5.00632908 21.4915635,5.00638247 21.4873465,5.00648922 C18.658231,5.07811173 15.8291155,5.74261533 13,7 C13,7.04449645 13,10.79246 13,18.2438906 L12.9999854,18.2438906 C12.9999854,18.520041 13.2238496,18.7439052 13.5,18.7439052 C13.5635398,18.7439052 13.6264972,18.7317946 13.6855025,18.7082217 Z\" fill=\"#000000\"><\/path> <path d=\"M10.3144829,18.7082217 C8.08859955,17.8189707 5.31710038,17.2495635 1.99998542,17 C1.99998542,16.9325178 1.99998542,13.1012863 1.99998542,5.50630526 L2.00000925,5.50630526 C2.00000925,5.23017604 2.22385621,5.00632908 2.49998542,5.00632908 C2.50420375,5.00632908 2.5084219,5.00638247 2.51263888,5.00648922 C5.34175439,5.07811173 8.17086991,5.74261533 10.9999854,7 C10.9999854,7.04449645 10.9999854,10.79246 10.9999854,18.2438906 L11,18.2438906 C11,18.520041 10.7761358,18.7439052 10.4999854,18.7439052 C10.4364457,18.7439052 10.3734882,18.7317946 10.3144829,18.7082217 Z\" fill=\"#000000\" opacity=\"0.3\"><\/path> <\/g> <\/svg><\/span><span class=\"font-weight-bold text-heading-default\" >APPROFONDISCI E RICHIEDI LE SCHEDE PRODOTTO DELL'AREA<\/span><\/button>\n           <\/div>\n           <div id=\"collapse1708696333661-65c30d96-e683\" class=\"collapse  \" aria-labelledby=\"heading1708696333661-65c30d96-e683\">\n             <div class=\"card-body\">\n                 [vc_column_text css=&#8221;.vc_custom_1709049321560{margin-top: -50px !important;margin-left: -50px !important;padding-top: 30px !important;padding-right: 30px !important;padding-bottom: 30px !important;padding-left: 30px !important;}&#8221;]<\/p>\r\n<div class=\"wpb_text_column wpb_content_element vc_custom_1708695363139\">\r\n<div class=\"wpb_wrapper\">\r\n<ul>\r\n<li>Riscossioni<\/li>\r\n<\/ul>\r\n<\/div>\r\n<\/div>\r\n<p>[\/vc_column_text]<a  href=\"https:\/\/www.padigitale.it\/richiedi-informazioni\/\" class=\"btn mb-2    vc_custom_1708698133564  btn-primary d-inline-block      btn-md\" target=\"_blank\" rel=\"noopener\"    ><span class=\"font-weight-bold \" >Compila la richiesta<\/span><\/a>\n             <\/div>\n           <\/div>\n         <\/div><\/div><\/div>[\/vc_column][\/vc_row]<\/p><\/div>","protected":false},"excerpt":{"rendered":"[vc_row pix_particles_check=&#8221;&#8221;][vc_column][vc_column_text] La soluzione gestisce tutte le fasi della riscossione e della rendicontazione per le entrate tributarie ed extra-tributarie e supporta le societ\u00e0 di riscossione autorizzate nonch\u00e9 i Comuni o le proprie societ\u00e0 partecipate nelle attivit\u00e0 relative di riscossione ordinaria&#8230;","protected":false},"author":2,"featured_media":0,"parent":0,"menu_order":0,"comment_status":"closed","ping_status":"closed","template":"","meta":{"footnotes":""},"class_list":["post-615","page","type-page","status-publish","hentry"],"yoast_head":"<!-- This site is optimized with the Yoast SEO plugin v27.4 - https:\/\/yoast.com\/product\/yoast-seo-wordpress\/ -->\n<title>Riscossioni - URBISmart<\/title>\n<meta name=\"robots\" content=\"index, follow, max-snippet:-1, max-image-preview:large, max-video-preview:-1\" \/>\n<link rel=\"canonical\" href=\"https:\/\/www.padigitale.it\/urbismart\/riscossioni\/\" \/>\n<meta property=\"og:locale\" content=\"it_IT\" \/>\n<meta property=\"og:type\" content=\"article\" \/>\n<meta property=\"og:title\" content=\"Riscossioni - URBISmart\" \/>\n<meta property=\"og:description\" content=\"[vc_row pix_particles_check=&#8221;&#8221;][vc_column][vc_column_text] La soluzione gestisce tutte le fasi della riscossione e della rendicontazione per le entrate tributarie ed extra-tributarie e supporta le societ\u00e0 di riscossione autorizzate nonch\u00e9 i Comuni o le proprie societ\u00e0 partecipate nelle attivit\u00e0 relative di riscossione ordinaria...\" \/>\n<meta property=\"og:url\" content=\"https:\/\/www.padigitale.it\/urbismart\/riscossioni\/\" \/>\n<meta property=\"og:site_name\" content=\"URBISmart\" \/>\n<meta name=\"twitter:card\" content=\"summary_large_image\" \/>\n<meta name=\"twitter:label1\" content=\"Tempo di lettura stimato\" \/>\n\t<meta name=\"twitter:data1\" content=\"2 minuti\" \/>\n<script type=\"application\/ld+json\" class=\"yoast-schema-graph\">{\"@context\":\"https:\\\/\\\/schema.org\",\"@graph\":[{\"@type\":\"WebPage\",\"@id\":\"https:\\\/\\\/www.padigitale.it\\\/urbismart\\\/riscossioni\\\/\",\"url\":\"https:\\\/\\\/www.padigitale.it\\\/urbismart\\\/riscossioni\\\/\",\"name\":\"Riscossioni - URBISmart\",\"isPartOf\":{\"@id\":\"https:\\\/\\\/www.padigitale.it\\\/urbismart\\\/#website\"},\"datePublished\":\"2024-02-27T15:56:35+00:00\",\"breadcrumb\":{\"@id\":\"https:\\\/\\\/www.padigitale.it\\\/urbismart\\\/riscossioni\\\/#breadcrumb\"},\"inLanguage\":\"it-IT\",\"potentialAction\":[{\"@type\":\"ReadAction\",\"target\":[\"https:\\\/\\\/www.padigitale.it\\\/urbismart\\\/riscossioni\\\/\"]}]},{\"@type\":\"BreadcrumbList\",\"@id\":\"https:\\\/\\\/www.padigitale.it\\\/urbismart\\\/riscossioni\\\/#breadcrumb\",\"itemListElement\":[{\"@type\":\"ListItem\",\"position\":1,\"name\":\"Home\",\"item\":\"https:\\\/\\\/www.padigitale.it\\\/urbismart\\\/\"},{\"@type\":\"ListItem\",\"position\":2,\"name\":\"Riscossioni\"}]},{\"@type\":\"WebSite\",\"@id\":\"https:\\\/\\\/www.padigitale.it\\\/urbismart\\\/#website\",\"url\":\"https:\\\/\\\/www.padigitale.it\\\/urbismart\\\/\",\"name\":\"URBISmart\",\"description\":\"\",\"potentialAction\":[{\"@type\":\"SearchAction\",\"target\":{\"@type\":\"EntryPoint\",\"urlTemplate\":\"https:\\\/\\\/www.padigitale.it\\\/urbismart\\\/?s={search_term_string}\"},\"query-input\":{\"@type\":\"PropertyValueSpecification\",\"valueRequired\":true,\"valueName\":\"search_term_string\"}}],\"inLanguage\":\"it-IT\"}]}<\/script>\n<!-- \/ Yoast SEO plugin. -->","yoast_head_json":{"title":"Riscossioni - URBISmart","robots":{"index":"index","follow":"follow","max-snippet":"max-snippet:-1","max-image-preview":"max-image-preview:large","max-video-preview":"max-video-preview:-1"},"canonical":"https:\/\/www.padigitale.it\/urbismart\/riscossioni\/","og_locale":"it_IT","og_type":"article","og_title":"Riscossioni - URBISmart","og_description":"[vc_row pix_particles_check=&#8221;&#8221;][vc_column][vc_column_text] La soluzione gestisce tutte le fasi della riscossione e della rendicontazione per le entrate tributarie ed extra-tributarie e supporta le societ\u00e0 di riscossione autorizzate nonch\u00e9 i Comuni o le proprie societ\u00e0 partecipate nelle attivit\u00e0 relative di riscossione ordinaria...","og_url":"https:\/\/www.padigitale.it\/urbismart\/riscossioni\/","og_site_name":"URBISmart","twitter_card":"summary_large_image","twitter_misc":{"Tempo di lettura stimato":"2 minuti"},"schema":{"@context":"https:\/\/schema.org","@graph":[{"@type":"WebPage","@id":"https:\/\/www.padigitale.it\/urbismart\/riscossioni\/","url":"https:\/\/www.padigitale.it\/urbismart\/riscossioni\/","name":"Riscossioni - URBISmart","isPartOf":{"@id":"https:\/\/www.padigitale.it\/urbismart\/#website"},"datePublished":"2024-02-27T15:56:35+00:00","breadcrumb":{"@id":"https:\/\/www.padigitale.it\/urbismart\/riscossioni\/#breadcrumb"},"inLanguage":"it-IT","potentialAction":[{"@type":"ReadAction","target":["https:\/\/www.padigitale.it\/urbismart\/riscossioni\/"]}]},{"@type":"BreadcrumbList","@id":"https:\/\/www.padigitale.it\/urbismart\/riscossioni\/#breadcrumb","itemListElement":[{"@type":"ListItem","position":1,"name":"Home","item":"https:\/\/www.padigitale.it\/urbismart\/"},{"@type":"ListItem","position":2,"name":"Riscossioni"}]},{"@type":"WebSite","@id":"https:\/\/www.padigitale.it\/urbismart\/#website","url":"https:\/\/www.padigitale.it\/urbismart\/","name":"URBISmart","description":"","potentialAction":[{"@type":"SearchAction","target":{"@type":"EntryPoint","urlTemplate":"https:\/\/www.padigitale.it\/urbismart\/?s={search_term_string}"},"query-input":{"@type":"PropertyValueSpecification","valueRequired":true,"valueName":"search_term_string"}}],"inLanguage":"it-IT"}]}},"_links":{"self":[{"href":"https:\/\/www.padigitale.it\/urbismart\/wp-json\/wp\/v2\/pages\/615","targetHints":{"allow":["GET"]}}],"collection":[{"href":"https:\/\/www.padigitale.it\/urbismart\/wp-json\/wp\/v2\/pages"}],"about":[{"href":"https:\/\/www.padigitale.it\/urbismart\/wp-json\/wp\/v2\/types\/page"}],"author":[{"embeddable":true,"href":"https:\/\/www.padigitale.it\/urbismart\/wp-json\/wp\/v2\/users\/2"}],"replies":[{"embeddable":true,"href":"https:\/\/www.padigitale.it\/urbismart\/wp-json\/wp\/v2\/comments?post=615"}],"version-history":[{"count":3,"href":"https:\/\/www.padigitale.it\/urbismart\/wp-json\/wp\/v2\/pages\/615\/revisions"}],"predecessor-version":[{"id":618,"href":"https:\/\/www.padigitale.it\/urbismart\/wp-json\/wp\/v2\/pages\/615\/revisions\/618"}],"wp:attachment":[{"href":"https:\/\/www.padigitale.it\/urbismart\/wp-json\/wp\/v2\/media?parent=615"}],"curies":[{"name":"wp","href":"https:\/\/api.w.org\/{rel}","templated":true}]}}