{"id":914,"date":"2024-04-16T16:00:49","date_gmt":"2024-04-16T14:00:49","guid":{"rendered":"https:\/\/www.padigitale.it\/urbismart\/?page_id=914"},"modified":"2024-05-17T13:10:53","modified_gmt":"2024-05-17T11:10:53","slug":"piattaforma-notifiche-digitali-send","status":"publish","type":"page","link":"https:\/\/www.padigitale.it\/urbismart\/piattaforma-notifiche-digitali-send\/","title":{"rendered":"Piattaforma Notifiche Digitali SEND"},"content":{"rendered":"<div class=\"wpb-content-wrapper\"><p>[vc_row pix_particles_check=&#8221;&#8221;][vc_column][vc_column_text]<\/p>\r\n<p><strong>La Piattaforma SEND<\/strong>, definita all\u2019articolo 26 del D.L. 16 luglio 2020, n. 76, convertito dalla legge 11 settembre 2020, n. 120 e modificato dal D.L. 31 maggio 2021, n. 77, <strong>permette alla Pubblica Amministrazione di inviare a persone fisiche e giuridiche notifiche a valore legale relative agli atti amministrativi<\/strong>, centralizzando la notificazione verso il domicilio digitale eletto da cittadini\/imprese (<strong>INAD<\/strong> <em>&#8211; Indice nazionale dei domicili digitali delle persone fisiche e degli altri enti di diritto privato<\/em> non tenuti all\u2019iscrizione in albi professionali o nel Registro Imprese, che assicura l\u2019attuazione della Linea guida sul domicilio digitale del cittadino).<\/p>\r\n<p>Gli enti, quindi, si avvalgono di un sistema pi\u00f9 efficiente e sicuro di invio delle comunicazioni che offre la garanzia di reperibilit\u00e0 del destinatario, di ridurre i tempi di invio delle notificazioni e di realizzare in modo pi\u00f9 veloce gli incassi. Gli enti mittenti devono solo depositare l\u2019atto da notificare sulla piattaforma che si occuper\u00e0 dell\u2019invio, per via digitale o analogica.<\/p>\r\n<h2 class=\"has-text-color has-link-color has-medium-font-size\" style=\"color: #b92b2b;font-style: normal;font-weight: 600\">PA Digitale partner tecnologico per il colloquio con la Piattaforma Notifiche Digitali SEND<\/h2>\r\n<p><strong>PA Digitale \u00e8 iscritta nella Lista Partner tecnologici SEND di Pago PA S.p.A.<\/strong> ossia l\u2019elenco dei soggetti che hanno implementato le attivit\u00e0 di integrazione a SEND in qualit\u00e0 di partner o di intermediari tecnologici e dei quali gli Enti Pubblici si avvalgono per un supporto nella gestione degli aspetti tecnici per l&#8217;adesione e l&#8217;utilizzo di SEND.<\/p>\r\n<p><strong>Con il Team di risorse specificatamente dedicate al PNRR, accompagna i Clienti con professionalit\u00e0 e competenza nelle varie attivit\u00e0 previste dal progetto SEND<\/strong>: dall\u2019analisi delle esigenze e degli obiettivi dell&#8217;Ente, al percorso amministrativo previsto sulla piattaforma Pa digitale 2026 per l\u2019accesso ai fondi PNRR (<em>Misura 1.4.5 \u2013 Investimento 1.4 Servizi e cittadinanza digitale<\/em> &#8211; <strong>riaperto a inizio maggio 2024 l&#8217;Avviso Pubblico 1.4.5 per i Comuni <\/strong><em>(<a href=\"https:\/\/www.padigitale.it\/urbismart\/2024\/05\/16\/pnrr-nuovi-finanziamenti-per-le-pa-locali\/\"><u>si veda in proposito la news della rubrica Normalmente Digitale<\/u><\/a>)<\/em> &#8211; fino al piano di attivazione delle soluzioni e dei servizi oggetto del contributo e nel processo di integrazione dei servizi digitali con le piattaforme nazionali SEND ed anche PDND (nel caso in cui l\u2019ente non abbia ancora realizzato l\u2019integrazione con la Piattaforma SEND e\/o la Piattaforma Digitale Nazionale Dati, accompagnando l\u2019Ente anche nelle rispettive fasi di on boarding ai fini della fruizione dei servizi API\/e-service).<\/p>\r\n<h2 class=\"has-text-color has-link-color has-medium-font-size\" style=\"color: #b92b2b;font-style: normal;font-weight: 600\">URBI Communication Hub UCH<\/h2>\r\n<p>Nel mantenere costante l\u2019attenzione sul tema in continua evoluzione, soprattutto con l&#8217;attivazione della Piattaforma SEND, le prime procedure di asseverazione e i nuovi finanziamenti PNRR &#8211; Avviso 1.4.5, <strong>PA Digitale ha arricchito la propria offerta e implementato il proprio sistema informativo URBI Smart con una nuova soluzione specifica e dedicata alla digitalizzazione dei processi di notifica con valore legale di atti, provvedimenti, avvisi e comunicazioni, integrata con la Piattaforma SEND: URBI Communication Hub UCH.<\/strong><br \/>URBI Communication Hub, infatti, permette all\u2019Ente di automatizzare interamente il processo di notificazione degli atti e, pi\u00f9 in particolare consente:<br \/>\u2022 l\u2019invio delle notifiche a SEND,<br \/>\u2022 il recupero delle informazioni circa lo stato delle notifiche,<br \/>\u2022 l\u2019acquisizione dei documenti con valore di attestazione legale prodotti da SEND.<br \/>URBI Communicatio Hub gestisce dati e documenti applicando le specifiche definite da SEND ai fini del processo di notifica: formato (PDF), riferimento di protocollo, codice IUV ed eventuale bollettino nel caso l\u2019atto da notificare preveda un pagamento. Con UCH la notificazione degli atti pu\u00f2 avvenire sia in modalit\u00e0 di notifica singola che tramite un flusso massivo.<\/p>\r\n<p><strong>Scopri la proposta URBI Communication Hub, partecipa al webinar gratuito!\u00a0<\/strong><em><a href=\"https:\/\/www.padigitale.it\/urbismart\/2024\/05\/09\/webinar-piattaforma-notifiche-digitali-send\/\"><u>Per informazioni, clicca qui.<\/u><\/a><\/em><\/p>\r\n<p class=\"has-text-color has-link-color has-medium-font-size\" style=\"color: #b92b2b;font-style: normal;font-weight: 600\"><!-- \/wp:post-content --><\/p>\r\n<p align=\"justify\"><!-- wp:paragraph \/--><\/p>\r\n<p>[\/vc_column_text][\/vc_column][\/vc_row]<\/p><\/div>","protected":false},"excerpt":{"rendered":"[vc_row pix_particles_check=&#8221;&#8221;][vc_column][vc_column_text] La Piattaforma SEND, definita all\u2019articolo 26 del D.L. 16 luglio 2020, n. 76, convertito dalla legge 11 settembre 2020, n. 120 e modificato dal D.L. 31 maggio 2021, n. 77, permette alla Pubblica Amministrazione di inviare a persone&#8230;","protected":false},"author":3,"featured_media":0,"parent":0,"menu_order":0,"comment_status":"closed","ping_status":"closed","template":"","meta":{"footnotes":""},"class_list":["post-914","page","type-page","status-publish","hentry"],"yoast_head":"<!-- This site is optimized with the Yoast SEO plugin v27.4 - https:\/\/yoast.com\/product\/yoast-seo-wordpress\/ -->\n<title>Piattaforma Notifiche Digitali SEND - URBISmart<\/title>\n<meta name=\"robots\" content=\"index, follow, max-snippet:-1, max-image-preview:large, max-video-preview:-1\" \/>\n<link rel=\"canonical\" href=\"https:\/\/www.padigitale.it\/urbismart\/piattaforma-notifiche-digitali-send\/\" \/>\n<meta property=\"og:locale\" content=\"it_IT\" \/>\n<meta property=\"og:type\" content=\"article\" \/>\n<meta property=\"og:title\" content=\"Piattaforma Notifiche Digitali SEND - URBISmart\" \/>\n<meta property=\"og:description\" content=\"[vc_row pix_particles_check=&#8221;&#8221;][vc_column][vc_column_text] La Piattaforma SEND, definita all\u2019articolo 26 del D.L. 16 luglio 2020, n. 76, convertito dalla legge 11 settembre 2020, n. 120 e modificato dal D.L. 31 maggio 2021, n. 77, permette alla Pubblica Amministrazione di inviare a persone...\" \/>\n<meta property=\"og:url\" content=\"https:\/\/www.padigitale.it\/urbismart\/piattaforma-notifiche-digitali-send\/\" \/>\n<meta property=\"og:site_name\" content=\"URBISmart\" \/>\n<meta property=\"article:modified_time\" content=\"2024-05-17T11:10:53+00:00\" \/>\n<meta name=\"twitter:card\" content=\"summary_large_image\" \/>\n<meta name=\"twitter:label1\" content=\"Tempo di lettura stimato\" \/>\n\t<meta name=\"twitter:data1\" content=\"3 minuti\" \/>\n<script type=\"application\/ld+json\" class=\"yoast-schema-graph\">{\"@context\":\"https:\\\/\\\/schema.org\",\"@graph\":[{\"@type\":\"WebPage\",\"@id\":\"https:\\\/\\\/www.padigitale.it\\\/urbismart\\\/piattaforma-notifiche-digitali-send\\\/\",\"url\":\"https:\\\/\\\/www.padigitale.it\\\/urbismart\\\/piattaforma-notifiche-digitali-send\\\/\",\"name\":\"Piattaforma Notifiche Digitali SEND - URBISmart\",\"isPartOf\":{\"@id\":\"https:\\\/\\\/www.padigitale.it\\\/urbismart\\\/#website\"},\"datePublished\":\"2024-04-16T14:00:49+00:00\",\"dateModified\":\"2024-05-17T11:10:53+00:00\",\"breadcrumb\":{\"@id\":\"https:\\\/\\\/www.padigitale.it\\\/urbismart\\\/piattaforma-notifiche-digitali-send\\\/#breadcrumb\"},\"inLanguage\":\"it-IT\",\"potentialAction\":[{\"@type\":\"ReadAction\",\"target\":[\"https:\\\/\\\/www.padigitale.it\\\/urbismart\\\/piattaforma-notifiche-digitali-send\\\/\"]}]},{\"@type\":\"BreadcrumbList\",\"@id\":\"https:\\\/\\\/www.padigitale.it\\\/urbismart\\\/piattaforma-notifiche-digitali-send\\\/#breadcrumb\",\"itemListElement\":[{\"@type\":\"ListItem\",\"position\":1,\"name\":\"Home\",\"item\":\"https:\\\/\\\/www.padigitale.it\\\/urbismart\\\/\"},{\"@type\":\"ListItem\",\"position\":2,\"name\":\"Piattaforma Notifiche Digitali SEND\"}]},{\"@type\":\"WebSite\",\"@id\":\"https:\\\/\\\/www.padigitale.it\\\/urbismart\\\/#website\",\"url\":\"https:\\\/\\\/www.padigitale.it\\\/urbismart\\\/\",\"name\":\"URBISmart\",\"description\":\"\",\"potentialAction\":[{\"@type\":\"SearchAction\",\"target\":{\"@type\":\"EntryPoint\",\"urlTemplate\":\"https:\\\/\\\/www.padigitale.it\\\/urbismart\\\/?s={search_term_string}\"},\"query-input\":{\"@type\":\"PropertyValueSpecification\",\"valueRequired\":true,\"valueName\":\"search_term_string\"}}],\"inLanguage\":\"it-IT\"}]}<\/script>\n<!-- \/ Yoast SEO plugin. -->","yoast_head_json":{"title":"Piattaforma Notifiche Digitali SEND - URBISmart","robots":{"index":"index","follow":"follow","max-snippet":"max-snippet:-1","max-image-preview":"max-image-preview:large","max-video-preview":"max-video-preview:-1"},"canonical":"https:\/\/www.padigitale.it\/urbismart\/piattaforma-notifiche-digitali-send\/","og_locale":"it_IT","og_type":"article","og_title":"Piattaforma Notifiche Digitali SEND - URBISmart","og_description":"[vc_row pix_particles_check=&#8221;&#8221;][vc_column][vc_column_text] La Piattaforma SEND, definita all\u2019articolo 26 del D.L. 16 luglio 2020, n. 76, convertito dalla legge 11 settembre 2020, n. 120 e modificato dal D.L. 31 maggio 2021, n. 77, permette alla Pubblica Amministrazione di inviare a persone...","og_url":"https:\/\/www.padigitale.it\/urbismart\/piattaforma-notifiche-digitali-send\/","og_site_name":"URBISmart","article_modified_time":"2024-05-17T11:10:53+00:00","twitter_card":"summary_large_image","twitter_misc":{"Tempo di lettura stimato":"3 minuti"},"schema":{"@context":"https:\/\/schema.org","@graph":[{"@type":"WebPage","@id":"https:\/\/www.padigitale.it\/urbismart\/piattaforma-notifiche-digitali-send\/","url":"https:\/\/www.padigitale.it\/urbismart\/piattaforma-notifiche-digitali-send\/","name":"Piattaforma Notifiche Digitali SEND - URBISmart","isPartOf":{"@id":"https:\/\/www.padigitale.it\/urbismart\/#website"},"datePublished":"2024-04-16T14:00:49+00:00","dateModified":"2024-05-17T11:10:53+00:00","breadcrumb":{"@id":"https:\/\/www.padigitale.it\/urbismart\/piattaforma-notifiche-digitali-send\/#breadcrumb"},"inLanguage":"it-IT","potentialAction":[{"@type":"ReadAction","target":["https:\/\/www.padigitale.it\/urbismart\/piattaforma-notifiche-digitali-send\/"]}]},{"@type":"BreadcrumbList","@id":"https:\/\/www.padigitale.it\/urbismart\/piattaforma-notifiche-digitali-send\/#breadcrumb","itemListElement":[{"@type":"ListItem","position":1,"name":"Home","item":"https:\/\/www.padigitale.it\/urbismart\/"},{"@type":"ListItem","position":2,"name":"Piattaforma Notifiche Digitali SEND"}]},{"@type":"WebSite","@id":"https:\/\/www.padigitale.it\/urbismart\/#website","url":"https:\/\/www.padigitale.it\/urbismart\/","name":"URBISmart","description":"","potentialAction":[{"@type":"SearchAction","target":{"@type":"EntryPoint","urlTemplate":"https:\/\/www.padigitale.it\/urbismart\/?s={search_term_string}"},"query-input":{"@type":"PropertyValueSpecification","valueRequired":true,"valueName":"search_term_string"}}],"inLanguage":"it-IT"}]}},"_links":{"self":[{"href":"https:\/\/www.padigitale.it\/urbismart\/wp-json\/wp\/v2\/pages\/914","targetHints":{"allow":["GET"]}}],"collection":[{"href":"https:\/\/www.padigitale.it\/urbismart\/wp-json\/wp\/v2\/pages"}],"about":[{"href":"https:\/\/www.padigitale.it\/urbismart\/wp-json\/wp\/v2\/types\/page"}],"author":[{"embeddable":true,"href":"https:\/\/www.padigitale.it\/urbismart\/wp-json\/wp\/v2\/users\/3"}],"replies":[{"embeddable":true,"href":"https:\/\/www.padigitale.it\/urbismart\/wp-json\/wp\/v2\/comments?post=914"}],"version-history":[{"count":8,"href":"https:\/\/www.padigitale.it\/urbismart\/wp-json\/wp\/v2\/pages\/914\/revisions"}],"predecessor-version":[{"id":1187,"href":"https:\/\/www.padigitale.it\/urbismart\/wp-json\/wp\/v2\/pages\/914\/revisions\/1187"}],"wp:attachment":[{"href":"https:\/\/www.padigitale.it\/urbismart\/wp-json\/wp\/v2\/media?parent=914"}],"curies":[{"name":"wp","href":"https:\/\/api.w.org\/{rel}","templated":true}]}}