{"id":935,"date":"2024-04-23T11:57:24","date_gmt":"2024-04-23T09:57:24","guid":{"rendered":"https:\/\/www.padigitale.it\/urbismart\/?page_id=935"},"modified":"2024-04-23T11:57:24","modified_gmt":"2024-04-23T09:57:24","slug":"sistemi-di-identita-digitale-spid-e-cie","status":"publish","type":"page","link":"https:\/\/www.padigitale.it\/urbismart\/sistemi-di-identita-digitale-spid-e-cie\/","title":{"rendered":"Sistemi di identit\u00e0 digitale SPID e CIE"},"content":{"rendered":"<div class=\"wpb-content-wrapper\"><p>[vc_row pix_particles_check=&#8221;&#8221;][vc_column][vc_column_text]<\/p>\r\n<p>Secondo il Decreto Semplificazioni (Decreto Legge n. 76\/2020), a decorrere dal 28 febbraio 2021, <strong>l\u2019accesso ai servizi digitali di tutte le pubbliche Amministrazioni (locali e centrali) avviene previa identificazione informatica con identit\u00e0 digitale, ovvero esclusivamente attraverso il Sistema Pubblico per l\u2019Identit\u00e0 Digitale SPID oppure tramite la Carta d\u2019Identit\u00e0 Elettronica CIE<\/strong>.<\/p>\r\n<p>Il PNRR ha previsto, nella componente M1C1 \u201cDigitalizzazione, innovazione e sicurezza nella PA\u201d, investimenti importanti per supportare la strategia di digitalizzazione, erogando finanziamenti per progetti specifici concepiti in armonia con le disposizioni del CAD e di tutte le altre normative e linee guida; nello specifico, la Misura 1.4.4 \u201cEstensione dell&#8217;utilizzo delle piattaforme nazionali di Identit\u00e0 Digitale (SPID e CIE)\u201d \u00e8 andata a sostenere gli interventi finalizzati all\u2019adesione alla piattaforma di identit\u00e0 digitale SPID e\/o CIE.<\/p>\r\n<h2 class=\"has-text-color has-link-color has-medium-font-size\" style=\"color: #b92b2b;font-style: normal;font-weight: 600\">PA Digitale soggetto aggregatore di pubblici servizi &#8211; SPID<\/h2>\r\n<p><strong>PA Digitale ha intrapreso la scelta di implementare il protocollo Open ID sollevando l\u2019Ente da un forte sforzo organizzativo, tecnico e gestionale di notevole impatto<\/strong>: attraverso l\u2019adozione dello standard OpenId Connect (Linee Guida AgID \u201cAdozione e applicazione delle Linee Guida OpenID Connect in SPID\u201d, 616\/2021), garantisce il passaggio tecnologico su questo Protocollo per le integrazioni oggetto di contributo.<\/p>\r\n<p>Inoltre, <strong>le soluzioni fornite da PA Digitale consentono anche di implementare l\u2019integrazione al nodo italiano e@idas SPID sui propri servizi soggetti ad autenticazione<\/strong> rispondendo alle indicazioni pi\u00f9 generali di promuovere la cooperazione transfrontaliera e l\u2019interoperabilit\u00e0 dei sistemi nazionali di identificazione elettronica (eID) e facilitare l&#8217;accesso di cittadini e imprese ai servizi online nei diversi Stati membri. Tutte le Pubbliche Amministrazioni che rendono accessibili i propri servizi online con credenziali SPID di livello 2 o 3 (come anche attraverso la CIE), hanno infatti l\u2019obbligo di rendere accessibili detti servizi anche con gli strumenti di autenticazione notificati dagli altri Stati membri.<\/p>\r\n<p>In favore degli Enti che non ritengano conveniente attivare presso di loro la struttura necessaria per esporre i propri servizi in rete tramite l&#8217;autenticazione con lo SPID, <strong>PA Digitale S.p.A. si \u00e8 qualificato come soggetto aggregatore di pubblici servizi, cos\u00ec da offrire ai soggetti aggregati la possibilit\u00e0 di rendere accessibili tramite lo SPID i rispettivi servizi<\/strong>. Grazie a questo servizio l\u2019Ente consentir\u00e0 ai cittadini di autenticarsi tramite SPID ai servizi del sistema URBI Smart <strong>senza necessit\u00e0 di:<\/strong><\/p>\r\n<p align=\"justify\"><!-- \/wp:post-content --><\/p>\r\n<ul>\r\n<li><strong>effettuare alcun convenzionamento con AgID<\/strong>, la convenzione \u00e8 stata sottoscritta direttamente da PA Digitale;<\/li>\r\n<li><strong>intraprendere alcun percorso di validazione tecnica con AgID<\/strong>, in quanto tutti gli aspetti tecnici sono presi in carico e gestiti da PA Digitale.<\/li>\r\n<\/ul>\r\n<p align=\"justify\"><!-- \/wp:paragraph --><\/p>\r\n<h2 class=\"has-text-color has-link-color has-medium-font-size\" style=\"color: #b92b2b;font-style: normal;font-weight: 600\">L&#8217;Ente come Service Provider SPID<\/h2>\r\n<p align=\"justify\"><strong>PA Digitale propone una soluzione (basata sul protocollo SAML2) e un servizio che supporti l\u2019Ente sia nel percorso amministrativo che nel percorso tecnico sino all\u2019implementazione di SPID all\u2019interno di tutti i Servizi on Line del sistema URBI Smart<\/strong>. La soluzione garantisce la massima sicurezza del canale di trasmissione e nei contesti di autenticazione (livelli di accesso alle risorse) nel pieno rispetto delle disposizioni normative. L\u2019ente pu\u00f2 cos\u00ec offrire ai suoi utenti cittadini l\u2019autenticazione a tutti i Servizi on Line tramite SPID senza la necessit\u00e0 di censirli, senza aggravio per oneri legati alla conservazione dei dati personali, senza preoccuparsi della privacy dei dati ma predisponendo profili con identit\u00e0 certa in tutta semplicit\u00e0 e sicurezza, evitando falsi e duplicazioni.<\/p>\r\n<h2 class=\"has-text-color has-link-color has-medium-font-size\" style=\"color: #b92b2b;font-style: normal;font-weight: 600\">PA Digitale soggetto aggregatore di pubblici servizi &#8211; CIE<\/h2>\r\n<p>La Carta di Identit\u00e0 Elettronica (CIE) \u00e8 il documento di identit\u00e0 dei cittadini italiani emesso dal Ministero dell\u2019Interno. Con la CIE \u00e8 possibile accedere, in sicurezza, ai servizi online di tutte le Pubbliche Amministrazioni italiane e delle aziende private aderenti. <strong>PA Digitale, insieme alle strutture Partner di riferimento per i clienti, si propone come Partner Tecnologico per l\u2019integrazione alla piattaforma CIE, accompagnando l\u2019ente dall\u2019adesione fino alla federazione applicativa con la messa in esercizio del servizio<\/strong> (fase di <em>on boarding<\/em>) e garantendo un supporto competente e qualificato per tutte le attivit\u00e0 necessarie.<\/p>\r\n<p><strong>Al progetto CIE \u00e8 infatti specificatamente dedicato un Referente Tecnico in grado di affiancare i Clienti nel percorso <em>on boarding<\/em> che consente l\u2019integrazione dei servizi digitali soggetti ad autenticazione del sistema URBI Smart con il sistema di identit\u00e0 digitale CIE.<\/strong><\/p>\r\n<p>&nbsp;<\/p>\r\n<p class=\"has-text-color has-link-color has-medium-font-size\" style=\"color: #b92b2b;font-style: normal;font-weight: 600\"><!-- \/wp:paragraph --><\/p>\r\n<p align=\"justify\"><!-- wp:paragraph --><!-- \/wp:paragraph --><\/p>\r\n<p>[\/vc_column_text][\/vc_column][\/vc_row]<\/p><\/div>","protected":false},"excerpt":{"rendered":"[vc_row pix_particles_check=&#8221;&#8221;][vc_column][vc_column_text] Secondo il Decreto Semplificazioni (Decreto Legge n. 76\/2020), a decorrere dal 28 febbraio 2021, l\u2019accesso ai servizi digitali di tutte le pubbliche Amministrazioni (locali e centrali) avviene previa identificazione informatica con identit\u00e0 digitale, ovvero esclusivamente attraverso il Sistema&#8230;","protected":false},"author":3,"featured_media":0,"parent":0,"menu_order":0,"comment_status":"closed","ping_status":"closed","template":"","meta":{"footnotes":""},"class_list":["post-935","page","type-page","status-publish","hentry"],"yoast_head":"<!-- This site is optimized with the Yoast SEO plugin v27.4 - https:\/\/yoast.com\/product\/yoast-seo-wordpress\/ -->\n<title>Sistemi di identit\u00e0 digitale SPID e CIE - URBISmart<\/title>\n<meta name=\"robots\" content=\"index, follow, max-snippet:-1, max-image-preview:large, max-video-preview:-1\" \/>\n<link rel=\"canonical\" href=\"https:\/\/www.padigitale.it\/urbismart\/sistemi-di-identita-digitale-spid-e-cie\/\" \/>\n<meta property=\"og:locale\" content=\"it_IT\" \/>\n<meta property=\"og:type\" content=\"article\" \/>\n<meta property=\"og:title\" content=\"Sistemi di identit\u00e0 digitale SPID e CIE - URBISmart\" \/>\n<meta property=\"og:description\" content=\"[vc_row pix_particles_check=&#8221;&#8221;][vc_column][vc_column_text] Secondo il Decreto Semplificazioni (Decreto Legge n. 76\/2020), a decorrere dal 28 febbraio 2021, l\u2019accesso ai servizi digitali di tutte le pubbliche Amministrazioni (locali e centrali) avviene previa identificazione informatica con identit\u00e0 digitale, ovvero esclusivamente attraverso il Sistema...\" \/>\n<meta property=\"og:url\" content=\"https:\/\/www.padigitale.it\/urbismart\/sistemi-di-identita-digitale-spid-e-cie\/\" \/>\n<meta property=\"og:site_name\" content=\"URBISmart\" \/>\n<meta name=\"twitter:card\" content=\"summary_large_image\" \/>\n<meta name=\"twitter:label1\" content=\"Tempo di lettura stimato\" \/>\n\t<meta name=\"twitter:data1\" content=\"4 minuti\" \/>\n<script type=\"application\/ld+json\" class=\"yoast-schema-graph\">{\"@context\":\"https:\\\/\\\/schema.org\",\"@graph\":[{\"@type\":\"WebPage\",\"@id\":\"https:\\\/\\\/www.padigitale.it\\\/urbismart\\\/sistemi-di-identita-digitale-spid-e-cie\\\/\",\"url\":\"https:\\\/\\\/www.padigitale.it\\\/urbismart\\\/sistemi-di-identita-digitale-spid-e-cie\\\/\",\"name\":\"Sistemi di identit\u00e0 digitale SPID e CIE - URBISmart\",\"isPartOf\":{\"@id\":\"https:\\\/\\\/www.padigitale.it\\\/urbismart\\\/#website\"},\"datePublished\":\"2024-04-23T09:57:24+00:00\",\"breadcrumb\":{\"@id\":\"https:\\\/\\\/www.padigitale.it\\\/urbismart\\\/sistemi-di-identita-digitale-spid-e-cie\\\/#breadcrumb\"},\"inLanguage\":\"it-IT\",\"potentialAction\":[{\"@type\":\"ReadAction\",\"target\":[\"https:\\\/\\\/www.padigitale.it\\\/urbismart\\\/sistemi-di-identita-digitale-spid-e-cie\\\/\"]}]},{\"@type\":\"BreadcrumbList\",\"@id\":\"https:\\\/\\\/www.padigitale.it\\\/urbismart\\\/sistemi-di-identita-digitale-spid-e-cie\\\/#breadcrumb\",\"itemListElement\":[{\"@type\":\"ListItem\",\"position\":1,\"name\":\"Home\",\"item\":\"https:\\\/\\\/www.padigitale.it\\\/urbismart\\\/\"},{\"@type\":\"ListItem\",\"position\":2,\"name\":\"Sistemi di identit\u00e0 digitale SPID e CIE\"}]},{\"@type\":\"WebSite\",\"@id\":\"https:\\\/\\\/www.padigitale.it\\\/urbismart\\\/#website\",\"url\":\"https:\\\/\\\/www.padigitale.it\\\/urbismart\\\/\",\"name\":\"URBISmart\",\"description\":\"\",\"potentialAction\":[{\"@type\":\"SearchAction\",\"target\":{\"@type\":\"EntryPoint\",\"urlTemplate\":\"https:\\\/\\\/www.padigitale.it\\\/urbismart\\\/?s={search_term_string}\"},\"query-input\":{\"@type\":\"PropertyValueSpecification\",\"valueRequired\":true,\"valueName\":\"search_term_string\"}}],\"inLanguage\":\"it-IT\"}]}<\/script>\n<!-- \/ Yoast SEO plugin. -->","yoast_head_json":{"title":"Sistemi di identit\u00e0 digitale SPID e CIE - URBISmart","robots":{"index":"index","follow":"follow","max-snippet":"max-snippet:-1","max-image-preview":"max-image-preview:large","max-video-preview":"max-video-preview:-1"},"canonical":"https:\/\/www.padigitale.it\/urbismart\/sistemi-di-identita-digitale-spid-e-cie\/","og_locale":"it_IT","og_type":"article","og_title":"Sistemi di identit\u00e0 digitale SPID e CIE - URBISmart","og_description":"[vc_row pix_particles_check=&#8221;&#8221;][vc_column][vc_column_text] Secondo il Decreto Semplificazioni (Decreto Legge n. 76\/2020), a decorrere dal 28 febbraio 2021, l\u2019accesso ai servizi digitali di tutte le pubbliche Amministrazioni (locali e centrali) avviene previa identificazione informatica con identit\u00e0 digitale, ovvero esclusivamente attraverso il Sistema...","og_url":"https:\/\/www.padigitale.it\/urbismart\/sistemi-di-identita-digitale-spid-e-cie\/","og_site_name":"URBISmart","twitter_card":"summary_large_image","twitter_misc":{"Tempo di lettura stimato":"4 minuti"},"schema":{"@context":"https:\/\/schema.org","@graph":[{"@type":"WebPage","@id":"https:\/\/www.padigitale.it\/urbismart\/sistemi-di-identita-digitale-spid-e-cie\/","url":"https:\/\/www.padigitale.it\/urbismart\/sistemi-di-identita-digitale-spid-e-cie\/","name":"Sistemi di identit\u00e0 digitale SPID e CIE - URBISmart","isPartOf":{"@id":"https:\/\/www.padigitale.it\/urbismart\/#website"},"datePublished":"2024-04-23T09:57:24+00:00","breadcrumb":{"@id":"https:\/\/www.padigitale.it\/urbismart\/sistemi-di-identita-digitale-spid-e-cie\/#breadcrumb"},"inLanguage":"it-IT","potentialAction":[{"@type":"ReadAction","target":["https:\/\/www.padigitale.it\/urbismart\/sistemi-di-identita-digitale-spid-e-cie\/"]}]},{"@type":"BreadcrumbList","@id":"https:\/\/www.padigitale.it\/urbismart\/sistemi-di-identita-digitale-spid-e-cie\/#breadcrumb","itemListElement":[{"@type":"ListItem","position":1,"name":"Home","item":"https:\/\/www.padigitale.it\/urbismart\/"},{"@type":"ListItem","position":2,"name":"Sistemi di identit\u00e0 digitale SPID e CIE"}]},{"@type":"WebSite","@id":"https:\/\/www.padigitale.it\/urbismart\/#website","url":"https:\/\/www.padigitale.it\/urbismart\/","name":"URBISmart","description":"","potentialAction":[{"@type":"SearchAction","target":{"@type":"EntryPoint","urlTemplate":"https:\/\/www.padigitale.it\/urbismart\/?s={search_term_string}"},"query-input":{"@type":"PropertyValueSpecification","valueRequired":true,"valueName":"search_term_string"}}],"inLanguage":"it-IT"}]}},"_links":{"self":[{"href":"https:\/\/www.padigitale.it\/urbismart\/wp-json\/wp\/v2\/pages\/935","targetHints":{"allow":["GET"]}}],"collection":[{"href":"https:\/\/www.padigitale.it\/urbismart\/wp-json\/wp\/v2\/pages"}],"about":[{"href":"https:\/\/www.padigitale.it\/urbismart\/wp-json\/wp\/v2\/types\/page"}],"author":[{"embeddable":true,"href":"https:\/\/www.padigitale.it\/urbismart\/wp-json\/wp\/v2\/users\/3"}],"replies":[{"embeddable":true,"href":"https:\/\/www.padigitale.it\/urbismart\/wp-json\/wp\/v2\/comments?post=935"}],"version-history":[{"count":1,"href":"https:\/\/www.padigitale.it\/urbismart\/wp-json\/wp\/v2\/pages\/935\/revisions"}],"predecessor-version":[{"id":937,"href":"https:\/\/www.padigitale.it\/urbismart\/wp-json\/wp\/v2\/pages\/935\/revisions\/937"}],"wp:attachment":[{"href":"https:\/\/www.padigitale.it\/urbismart\/wp-json\/wp\/v2\/media?parent=935"}],"curies":[{"name":"wp","href":"https:\/\/api.w.org\/{rel}","templated":true}]}}